{"id":6078,"date":"2020-04-23T14:44:53","date_gmt":"2020-04-23T14:44:53","guid":{"rendered":"https:\/\/steklarna-rogaska.si\/?post_type=product&#038;p=6078"},"modified":"2026-04-14T05:23:42","modified_gmt":"2026-04-14T05:23:42","slug":"aria-kozarec-za-vodo-set-2","status":"publish","type":"product","link":"https:\/\/steklarna-rogaska.si\/de\/product\/aria-kozarec-za-vodo-set-2\/","title":{"rendered":"KOZAREC A VODO &#8211; ARIA &#8211; set 2 kos"},"content":{"rendered":"<p>vi\u0161ina=114mm<\/p>\n<p>\u0161irina=91mm<\/p>\n<p>te\u017ea= 0,12 kg<\/p>\n","protected":false},"excerpt":{"rendered":"<p>vi\u0161ina=114mm \u0161irina=91mm te\u017ea= 0,12 kg<\/p>\n","protected":false},"featured_media":6073,"comment_status":"closed","ping_status":"open","template":"","meta":[],"product_brand":[],"product_cat":[916,919,996,932,933,284,446],"product_tag":[480,467],"class_list":{"0":"post-6078","1":"product","2":"type-product","3":"status-publish","4":"has-post-thumbnail","6":"product_cat-darilni-program-2","7":"product_cat-poslovna-darila","8":"product_cat-praznicna-ponudba","9":"product_cat-kozarci-za-sok","10":"product_cat-kozarci-za-vodo-2","11":"product_cat-vinski-program-default-group","12":"product_cat-kozarci-za-vodo","13":"product_tag-aria","14":"product_tag-za-vodo","16":"first","17":"instock","18":"shipping-taxable","19":"purchasable","20":"product-type-simple"},"_links":{"self":[{"href":"https:\/\/steklarna-rogaska.si\/de\/wp-json\/wp\/v2\/product\/6078","targetHints":{"allow":["GET"]}}],"collection":[{"href":"https:\/\/steklarna-rogaska.si\/de\/wp-json\/wp\/v2\/product"}],"about":[{"href":"https:\/\/steklarna-rogaska.si\/de\/wp-json\/wp\/v2\/types\/product"}],"replies":[{"embeddable":true,"href":"https:\/\/steklarna-rogaska.si\/de\/wp-json\/wp\/v2\/comments?post=6078"}],"wp:featuredmedia":[{"embeddable":true,"href":"https:\/\/steklarna-rogaska.si\/de\/wp-json\/wp\/v2\/media\/6073"}],"wp:attachment":[{"href":"https:\/\/steklarna-rogaska.si\/de\/wp-json\/wp\/v2\/media?parent=6078"}],"wp:term":[{"taxonomy":"product_brand","embeddable":true,"href":"https:\/\/steklarna-rogaska.si\/de\/wp-json\/wp\/v2\/product_brand?post=6078"},{"taxonomy":"product_cat","embeddable":true,"href":"https:\/\/steklarna-rogaska.si\/de\/wp-json\/wp\/v2\/product_cat?post=6078"},{"taxonomy":"product_tag","embeddable":true,"href":"https:\/\/steklarna-rogaska.si\/de\/wp-json\/wp\/v2\/product_tag?post=6078"}],"curies":[{"name":"wp","href":"https:\/\/api.w.org\/{rel}","templated":true}]}}