{"id":6077,"date":"2020-04-23T14:43:12","date_gmt":"2020-04-23T14:43:12","guid":{"rendered":"https:\/\/steklarna-rogaska.si\/?post_type=product&#038;p=6077"},"modified":"2026-04-14T05:23:43","modified_gmt":"2026-04-14T05:23:43","slug":"aria-kozarec-za-penino-set-2","status":"publish","type":"product","link":"https:\/\/steklarna-rogaska.si\/de\/product\/aria-kozarec-za-penino-set-2\/","title":{"rendered":"KOZAREC ZA PENINO &#8211; ARIA &#8211; set 2 kos"},"content":{"rendered":"<p>vi\u0161ina=247mm<\/p>\n<p>\u0161irina=63mm<\/p>\n<p>te\u017ea= 0,1 kg<\/p>\n","protected":false},"excerpt":{"rendered":"<p>vi\u0161ina=247mm \u0161irina=63mm te\u017ea= 0,1 kg<\/p>\n","protected":false},"featured_media":6069,"comment_status":"closed","ping_status":"open","template":"","meta":[],"product_brand":[],"product_cat":[916,922,921,920,919,996,924,925,284,911],"product_tag":[480,968,969,978,985,441,439,468],"class_list":{"0":"post-6077","1":"product","2":"type-product","3":"status-publish","4":"has-post-thumbnail","6":"product_cat-darilni-program-2","7":"product_cat-darila-zanj","8":"product_cat-darila-zanjo","9":"product_cat-porocna-darila","10":"product_cat-poslovna-darila","11":"product_cat-praznicna-ponudba","12":"product_cat-kozarci-2","13":"product_cat-kozarci-za-vino-2","14":"product_cat-vinski-program-default-group","15":"product_cat-kozarci-za-penino","16":"product_tag-aria","17":"product_tag-kelih-za-penino","18":"product_tag-kozarec-za-penino","19":"product_tag-peninski-kelih","20":"product_tag-peninski-kozarec","21":"product_tag-porocna-darila","22":"product_tag-poroka","23":"product_tag-za-penino","25":"first","26":"instock","27":"shipping-taxable","28":"purchasable","29":"product-type-simple"},"_links":{"self":[{"href":"https:\/\/steklarna-rogaska.si\/de\/wp-json\/wp\/v2\/product\/6077","targetHints":{"allow":["GET"]}}],"collection":[{"href":"https:\/\/steklarna-rogaska.si\/de\/wp-json\/wp\/v2\/product"}],"about":[{"href":"https:\/\/steklarna-rogaska.si\/de\/wp-json\/wp\/v2\/types\/product"}],"replies":[{"embeddable":true,"href":"https:\/\/steklarna-rogaska.si\/de\/wp-json\/wp\/v2\/comments?post=6077"}],"wp:featuredmedia":[{"embeddable":true,"href":"https:\/\/steklarna-rogaska.si\/de\/wp-json\/wp\/v2\/media\/6069"}],"wp:attachment":[{"href":"https:\/\/steklarna-rogaska.si\/de\/wp-json\/wp\/v2\/media?parent=6077"}],"wp:term":[{"taxonomy":"product_brand","embeddable":true,"href":"https:\/\/steklarna-rogaska.si\/de\/wp-json\/wp\/v2\/product_brand?post=6077"},{"taxonomy":"product_cat","embeddable":true,"href":"https:\/\/steklarna-rogaska.si\/de\/wp-json\/wp\/v2\/product_cat?post=6077"},{"taxonomy":"product_tag","embeddable":true,"href":"https:\/\/steklarna-rogaska.si\/de\/wp-json\/wp\/v2\/product_tag?post=6077"}],"curies":[{"name":"wp","href":"https:\/\/api.w.org\/{rel}","templated":true}]}}