{"id":4105,"date":"2025-06-17T06:31:54","date_gmt":"2025-06-17T06:31:54","guid":{"rendered":"https:\/\/steklarna-rogaska.si\/product\/import-placeholder-for-2603\/"},"modified":"2026-04-13T06:54:13","modified_gmt":"2026-04-13T06:54:13","slug":"flame-highball-set-of-2","status":"publish","type":"product","link":"https:\/\/steklarna-rogaska.si\/de\/product\/flame-highball-set-of-2\/","title":{"rendered":"HIGHBALL KOZAREC ZA SOK, PIVO, KOKTEJL &#8211; FLAME &#8211; set 2 kos"},"content":{"rendered":"<p>vi\u0161ina = 135 mm<br \/>\n\u0161irina = 72 mm<br \/>\nte\u017ea = 0,4 kg<\/p>\n","protected":false},"excerpt":{"rendered":"<p>vi\u0161ina = 135 mm \u0161irina = 72 mm te\u017ea = 0,4 kg<\/p>\n","protected":false},"featured_media":4155,"comment_status":"closed","ping_status":"closed","template":"","meta":[],"product_brand":[],"product_cat":[196,1139,924,932,933,284,446],"product_tag":[365,455],"class_list":{"0":"post-4105","1":"product","2":"type-product","3":"status-publish","4":"has-post-thumbnail","6":"product_cat-barski-program","7":"product_cat-kozarci-za-koktajle","8":"product_cat-kozarci-2","9":"product_cat-kozarci-za-sok","10":"product_cat-kozarci-za-vodo-2","11":"product_cat-vinski-program-default-group","12":"product_cat-kozarci-za-vodo","13":"product_tag-bellevue","14":"product_tag-za-vodo-pivo-sok-mesane-pijace","16":"first","17":"instock","18":"shipping-taxable","19":"purchasable","20":"product-type-simple"},"_links":{"self":[{"href":"https:\/\/steklarna-rogaska.si\/de\/wp-json\/wp\/v2\/product\/4105","targetHints":{"allow":["GET"]}}],"collection":[{"href":"https:\/\/steklarna-rogaska.si\/de\/wp-json\/wp\/v2\/product"}],"about":[{"href":"https:\/\/steklarna-rogaska.si\/de\/wp-json\/wp\/v2\/types\/product"}],"replies":[{"embeddable":true,"href":"https:\/\/steklarna-rogaska.si\/de\/wp-json\/wp\/v2\/comments?post=4105"}],"wp:featuredmedia":[{"embeddable":true,"href":"https:\/\/steklarna-rogaska.si\/de\/wp-json\/wp\/v2\/media\/4155"}],"wp:attachment":[{"href":"https:\/\/steklarna-rogaska.si\/de\/wp-json\/wp\/v2\/media?parent=4105"}],"wp:term":[{"taxonomy":"product_brand","embeddable":true,"href":"https:\/\/steklarna-rogaska.si\/de\/wp-json\/wp\/v2\/product_brand?post=4105"},{"taxonomy":"product_cat","embeddable":true,"href":"https:\/\/steklarna-rogaska.si\/de\/wp-json\/wp\/v2\/product_cat?post=4105"},{"taxonomy":"product_tag","embeddable":true,"href":"https:\/\/steklarna-rogaska.si\/de\/wp-json\/wp\/v2\/product_tag?post=4105"}],"curies":[{"name":"wp","href":"https:\/\/api.w.org\/{rel}","templated":true}]}}