{"id":4090,"date":"2019-12-28T09:31:30","date_gmt":"2019-12-28T09:31:30","guid":{"rendered":"https:\/\/steklarna-rogaska.si\/product\/import-placeholder-for-2598\/"},"modified":"2024-02-05T20:04:09","modified_gmt":"2024-02-05T20:04:09","slug":"flame-cordial-set-of-2","status":"publish","type":"product","link":"https:\/\/steklarna-rogaska.si\/de\/product\/flame-cordial-set-of-2\/","title":{"rendered":"KOZAREC ZA LIKER &#8211; FLAME &#8211; set 2 kos"},"content":{"rendered":"<p>vi\u0161ina = 178 mm<br \/>\n\u0161irina = 45 mm<br \/>\nte\u017ea = 0,2 kg<\/p>\n","protected":false},"excerpt":{"rendered":"<p>vi\u0161ina = 178 mm \u0161irina = 45 mm te\u017ea = 0,2 kg<\/p>\n","protected":false},"featured_media":4140,"comment_status":"closed","ping_status":"closed","template":"","meta":[],"product_brand":[],"product_cat":[904,922,927],"product_tag":[177,465],"class_list":{"0":"post-4090","1":"product","2":"type-product","3":"status-publish","4":"has-post-thumbnail","6":"product_cat-kozarci-za-zganje","7":"product_cat-darila-zanj","8":"product_cat-kozarci-za-zganje-2","9":"product_tag-flame","10":"product_tag-za-liker","12":"first","13":"outofstock","14":"shipping-taxable","15":"purchasable","16":"product-type-simple"},"_links":{"self":[{"href":"https:\/\/steklarna-rogaska.si\/de\/wp-json\/wp\/v2\/product\/4090","targetHints":{"allow":["GET"]}}],"collection":[{"href":"https:\/\/steklarna-rogaska.si\/de\/wp-json\/wp\/v2\/product"}],"about":[{"href":"https:\/\/steklarna-rogaska.si\/de\/wp-json\/wp\/v2\/types\/product"}],"replies":[{"embeddable":true,"href":"https:\/\/steklarna-rogaska.si\/de\/wp-json\/wp\/v2\/comments?post=4090"}],"wp:featuredmedia":[{"embeddable":true,"href":"https:\/\/steklarna-rogaska.si\/de\/wp-json\/wp\/v2\/media\/4140"}],"wp:attachment":[{"href":"https:\/\/steklarna-rogaska.si\/de\/wp-json\/wp\/v2\/media?parent=4090"}],"wp:term":[{"taxonomy":"product_brand","embeddable":true,"href":"https:\/\/steklarna-rogaska.si\/de\/wp-json\/wp\/v2\/product_brand?post=4090"},{"taxonomy":"product_cat","embeddable":true,"href":"https:\/\/steklarna-rogaska.si\/de\/wp-json\/wp\/v2\/product_cat?post=4090"},{"taxonomy":"product_tag","embeddable":true,"href":"https:\/\/steklarna-rogaska.si\/de\/wp-json\/wp\/v2\/product_tag?post=4090"}],"curies":[{"name":"wp","href":"https:\/\/api.w.org\/{rel}","templated":true}]}}