{"id":4086,"date":"2019-12-28T09:31:30","date_gmt":"2019-12-28T09:31:30","guid":{"rendered":"https:\/\/steklarna-rogaska.si\/product\/import-placeholder-for-2574\/"},"modified":"2026-04-14T05:24:05","modified_gmt":"2026-04-14T05:24:05","slug":"olymp-decanter","status":"publish","type":"product","link":"https:\/\/steklarna-rogaska.si\/de\/product\/olymp-decanter\/","title":{"rendered":"STEKLENICA ZA VINO Z ZAMA\u0160KOM &#8211; OLYMP &#8211; kos"},"content":{"rendered":"<p>vi\u0161ina = 387 mm<br \/>\n\u0161irina = 110 mm<br \/>\nte\u017ea = 1,3 kg<\/p>\n","protected":false},"excerpt":{"rendered":"<p>vi\u0161ina = 387 mm \u0161irina = 110 mm te\u017ea = 1,3 kg<\/p>\n","protected":false},"featured_media":4136,"comment_status":"closed","ping_status":"open","template":"","meta":[],"product_brand":[],"product_cat":[935,939,938,937,936,284,912],"product_tag":[178,464],"class_list":{"0":"post-4086","1":"product","2":"type-product","3":"status-publish","4":"has-post-thumbnail","6":"product_cat-steklenice-dekanterji-vrci-posode","7":"product_cat-dekanter-za-vino-2","8":"product_cat-steklenica-za-vino","9":"product_cat-steklenica-za-vodo","10":"product_cat-steklenica-za-zganje","11":"product_cat-vinski-program-default-group","12":"product_cat-steklenice-za-vino","13":"product_tag-olymp","14":"product_tag-za-dekantiranje","16":"first","17":"outofstock","18":"shipping-taxable","19":"purchasable","20":"product-type-simple"},"_links":{"self":[{"href":"https:\/\/steklarna-rogaska.si\/de\/wp-json\/wp\/v2\/product\/4086","targetHints":{"allow":["GET"]}}],"collection":[{"href":"https:\/\/steklarna-rogaska.si\/de\/wp-json\/wp\/v2\/product"}],"about":[{"href":"https:\/\/steklarna-rogaska.si\/de\/wp-json\/wp\/v2\/types\/product"}],"replies":[{"embeddable":true,"href":"https:\/\/steklarna-rogaska.si\/de\/wp-json\/wp\/v2\/comments?post=4086"}],"wp:featuredmedia":[{"embeddable":true,"href":"https:\/\/steklarna-rogaska.si\/de\/wp-json\/wp\/v2\/media\/4136"}],"wp:attachment":[{"href":"https:\/\/steklarna-rogaska.si\/de\/wp-json\/wp\/v2\/media?parent=4086"}],"wp:term":[{"taxonomy":"product_brand","embeddable":true,"href":"https:\/\/steklarna-rogaska.si\/de\/wp-json\/wp\/v2\/product_brand?post=4086"},{"taxonomy":"product_cat","embeddable":true,"href":"https:\/\/steklarna-rogaska.si\/de\/wp-json\/wp\/v2\/product_cat?post=4086"},{"taxonomy":"product_tag","embeddable":true,"href":"https:\/\/steklarna-rogaska.si\/de\/wp-json\/wp\/v2\/product_tag?post=4086"}],"curies":[{"name":"wp","href":"https:\/\/api.w.org\/{rel}","templated":true}]}}