{"id":4011,"date":"2019-12-28T09:29:57","date_gmt":"2019-12-28T09:29:57","guid":{"rendered":"https:\/\/steklarna-rogaska.si\/product\/import-placeholder-for-2502\/"},"modified":"2026-04-13T07:10:06","modified_gmt":"2026-04-13T07:10:06","slug":"skylight-ice-tea-set-of-2","status":"publish","type":"product","link":"https:\/\/steklarna-rogaska.si\/de\/product\/skylight-ice-tea-set-of-2\/","title":{"rendered":"KOZAREC ZA LEDENI \u010cAJ, LONG DRINK &#8211; SKYLIGHT &#8211; set 2 kos"},"content":{"rendered":"<p>vi\u0161ina = 214 mm<br \/>\n\u0161irina = 77 mm<br \/>\nte\u017ea = 0.4 kg<\/p>\n","protected":false},"excerpt":{"rendered":"<p>vi\u0161ina = 214 mm \u0161irina = 77 mm te\u017ea = 0.4 kg<\/p>\n","protected":false},"featured_media":4060,"comment_status":"closed","ping_status":"closed","template":"","meta":[],"product_brand":[],"product_cat":[924,932],"product_tag":[433,457],"class_list":{"0":"post-4011","1":"product","2":"type-product","3":"status-publish","4":"has-post-thumbnail","6":"product_cat-kozarci-2","7":"product_cat-kozarci-za-sok","8":"product_tag-skylight","9":"product_tag-za-ledeni-caj","11":"first","12":"outofstock","13":"shipping-taxable","14":"purchasable","15":"product-type-simple"},"_links":{"self":[{"href":"https:\/\/steklarna-rogaska.si\/de\/wp-json\/wp\/v2\/product\/4011","targetHints":{"allow":["GET"]}}],"collection":[{"href":"https:\/\/steklarna-rogaska.si\/de\/wp-json\/wp\/v2\/product"}],"about":[{"href":"https:\/\/steklarna-rogaska.si\/de\/wp-json\/wp\/v2\/types\/product"}],"replies":[{"embeddable":true,"href":"https:\/\/steklarna-rogaska.si\/de\/wp-json\/wp\/v2\/comments?post=4011"}],"wp:featuredmedia":[{"embeddable":true,"href":"https:\/\/steklarna-rogaska.si\/de\/wp-json\/wp\/v2\/media\/4060"}],"wp:attachment":[{"href":"https:\/\/steklarna-rogaska.si\/de\/wp-json\/wp\/v2\/media?parent=4011"}],"wp:term":[{"taxonomy":"product_brand","embeddable":true,"href":"https:\/\/steklarna-rogaska.si\/de\/wp-json\/wp\/v2\/product_brand?post=4011"},{"taxonomy":"product_cat","embeddable":true,"href":"https:\/\/steklarna-rogaska.si\/de\/wp-json\/wp\/v2\/product_cat?post=4011"},{"taxonomy":"product_tag","embeddable":true,"href":"https:\/\/steklarna-rogaska.si\/de\/wp-json\/wp\/v2\/product_tag?post=4011"}],"curies":[{"name":"wp","href":"https:\/\/api.w.org\/{rel}","templated":true}]}}