{"id":4009,"date":"2019-12-28T09:29:57","date_gmt":"2019-12-28T09:29:57","guid":{"rendered":"https:\/\/steklarna-rogaska.si\/product\/import-placeholder-for-2500\/"},"modified":"2026-04-14T05:23:58","modified_gmt":"2026-04-14T05:23:58","slug":"skylight-kozarec-za-martini-set-2","status":"publish","type":"product","link":"https:\/\/steklarna-rogaska.si\/de\/product\/skylight-kozarec-za-martini-set-2\/","title":{"rendered":"KOZAREC ZA MARTINI &#8211; SKYLIGHT &#8211; set 2 kos"},"content":{"rendered":"<p>vi\u0161ina = 169 mm<br \/>\n\u0161irina = 118 mm<br \/>\nte\u017ea = 0.3 kg<\/p>\n","protected":false},"excerpt":{"rendered":"<p>vi\u0161ina = 169 mm \u0161irina = 118 mm te\u017ea = 0.3 kg<\/p>\n","protected":false},"featured_media":4058,"comment_status":"closed","ping_status":"open","template":"","meta":[],"product_brand":[],"product_cat":[196,990,924,930],"product_tag":[433,476],"class_list":{"0":"post-4009","1":"product","2":"type-product","3":"status-publish","4":"has-post-thumbnail","6":"product_cat-barski-program","7":"product_cat-kozarci-za-martini-2","8":"product_cat-kozarci-2","9":"product_cat-kozarci-za-martini","10":"product_tag-skylight","11":"product_tag-za-martini","13":"first","14":"instock","15":"shipping-taxable","16":"purchasable","17":"product-type-simple"},"_links":{"self":[{"href":"https:\/\/steklarna-rogaska.si\/de\/wp-json\/wp\/v2\/product\/4009","targetHints":{"allow":["GET"]}}],"collection":[{"href":"https:\/\/steklarna-rogaska.si\/de\/wp-json\/wp\/v2\/product"}],"about":[{"href":"https:\/\/steklarna-rogaska.si\/de\/wp-json\/wp\/v2\/types\/product"}],"replies":[{"embeddable":true,"href":"https:\/\/steklarna-rogaska.si\/de\/wp-json\/wp\/v2\/comments?post=4009"}],"wp:featuredmedia":[{"embeddable":true,"href":"https:\/\/steklarna-rogaska.si\/de\/wp-json\/wp\/v2\/media\/4058"}],"wp:attachment":[{"href":"https:\/\/steklarna-rogaska.si\/de\/wp-json\/wp\/v2\/media?parent=4009"}],"wp:term":[{"taxonomy":"product_brand","embeddable":true,"href":"https:\/\/steklarna-rogaska.si\/de\/wp-json\/wp\/v2\/product_brand?post=4009"},{"taxonomy":"product_cat","embeddable":true,"href":"https:\/\/steklarna-rogaska.si\/de\/wp-json\/wp\/v2\/product_cat?post=4009"},{"taxonomy":"product_tag","embeddable":true,"href":"https:\/\/steklarna-rogaska.si\/de\/wp-json\/wp\/v2\/product_tag?post=4009"}],"curies":[{"name":"wp","href":"https:\/\/api.w.org\/{rel}","templated":true}]}}