{"id":3930,"date":"2019-12-28T09:28:25","date_gmt":"2019-12-28T09:28:25","guid":{"rendered":"https:\/\/steklarna-rogaska.si\/product\/import-placeholder-for-2404\/"},"modified":"2026-04-13T07:08:52","modified_gmt":"2026-04-13T07:08:52","slug":"game-box-10-cm-canasta","status":"publish","type":"product","link":"https:\/\/steklarna-rogaska.si\/de\/product\/game-box-10-cm-canasta\/","title":{"rendered":"POSODA 10 CM S POKROVOM &#8211; GAME &#8211; kos"},"content":{"rendered":"<p>vi\u0161ina = 94 mm<br \/>\n\u0161irina = 101 mm<br \/>\nte\u017ea = 1,0 kg<\/p>\n","protected":false},"excerpt":{"rendered":"<p>vi\u0161ina = 94 mm \u0161irina = 101 mm te\u017ea = 1,0 kg<\/p>\n","protected":false},"featured_media":3979,"comment_status":"closed","ping_status":"closed","template":"","meta":[],"product_brand":[],"product_cat":[923,919,996,946,949],"product_tag":[498,441,439,442,499],"class_list":{"0":"post-3930","1":"product","2":"type-product","3":"status-publish","4":"has-post-thumbnail","6":"product_cat-drobne-pozornosti","7":"product_cat-poslovna-darila","8":"product_cat-praznicna-ponudba","9":"product_cat-sklede-2","10":"product_cat-posoda-za-shranjevanje","11":"product_tag-game","12":"product_tag-porocna-darila","13":"product_tag-poroka","14":"product_tag-praznicna-darila","15":"product_tag-za-shranjevanje","17":"first","18":"instock","19":"shipping-taxable","20":"purchasable","21":"product-type-simple"},"_links":{"self":[{"href":"https:\/\/steklarna-rogaska.si\/de\/wp-json\/wp\/v2\/product\/3930","targetHints":{"allow":["GET"]}}],"collection":[{"href":"https:\/\/steklarna-rogaska.si\/de\/wp-json\/wp\/v2\/product"}],"about":[{"href":"https:\/\/steklarna-rogaska.si\/de\/wp-json\/wp\/v2\/types\/product"}],"replies":[{"embeddable":true,"href":"https:\/\/steklarna-rogaska.si\/de\/wp-json\/wp\/v2\/comments?post=3930"}],"wp:featuredmedia":[{"embeddable":true,"href":"https:\/\/steklarna-rogaska.si\/de\/wp-json\/wp\/v2\/media\/3979"}],"wp:attachment":[{"href":"https:\/\/steklarna-rogaska.si\/de\/wp-json\/wp\/v2\/media?parent=3930"}],"wp:term":[{"taxonomy":"product_brand","embeddable":true,"href":"https:\/\/steklarna-rogaska.si\/de\/wp-json\/wp\/v2\/product_brand?post=3930"},{"taxonomy":"product_cat","embeddable":true,"href":"https:\/\/steklarna-rogaska.si\/de\/wp-json\/wp\/v2\/product_cat?post=3930"},{"taxonomy":"product_tag","embeddable":true,"href":"https:\/\/steklarna-rogaska.si\/de\/wp-json\/wp\/v2\/product_tag?post=3930"}],"curies":[{"name":"wp","href":"https:\/\/api.w.org\/{rel}","templated":true}]}}