{"id":3929,"date":"2019-12-28T09:28:25","date_gmt":"2019-12-28T09:28:25","guid":{"rendered":"https:\/\/steklarna-rogaska.si\/product\/import-placeholder-for-2398\/"},"modified":"2026-04-13T07:09:37","modified_gmt":"2026-04-13T07:09:37","slug":"equinox-mini-bowl-12-cm","status":"publish","type":"product","link":"https:\/\/steklarna-rogaska.si\/de\/product\/equinox-mini-bowl-12-cm\/","title":{"rendered":"SKLEDA MINI 12 CM &#8211; EQUINOX &#8211; kos"},"content":{"rendered":"<p>vi\u0161ina = 31 mm<br \/>\n\u0161irina = 112 mm<br \/>\nte\u017ea = 0,3 kg<\/p>\n","protected":false},"excerpt":{"rendered":"<p>vi\u0161ina = 31 mm \u0161irina = 112 mm te\u017ea = 0,3 kg<\/p>\n","protected":false},"featured_media":3978,"comment_status":"closed","ping_status":"closed","template":"","meta":[],"product_brand":[],"product_cat":[916,921,923,919,946,948,956,959],"product_tag":[399,441,439,442],"class_list":{"0":"post-3929","1":"product","2":"type-product","3":"status-publish","4":"has-post-thumbnail","6":"product_cat-darilni-program-2","7":"product_cat-darila-zanjo","8":"product_cat-drobne-pozornosti","9":"product_cat-poslovna-darila","10":"product_cat-sklede-2","11":"product_cat-skleda-za-prigrizke","12":"product_cat-skodelice-za-caj-kavo-sladoled","13":"product_cat-skodelica-za-sladoled","14":"product_tag-equinox","15":"product_tag-porocna-darila","16":"product_tag-poroka","17":"product_tag-praznicna-darila","19":"first","20":"outofstock","21":"shipping-taxable","22":"purchasable","23":"product-type-simple"},"_links":{"self":[{"href":"https:\/\/steklarna-rogaska.si\/de\/wp-json\/wp\/v2\/product\/3929","targetHints":{"allow":["GET"]}}],"collection":[{"href":"https:\/\/steklarna-rogaska.si\/de\/wp-json\/wp\/v2\/product"}],"about":[{"href":"https:\/\/steklarna-rogaska.si\/de\/wp-json\/wp\/v2\/types\/product"}],"replies":[{"embeddable":true,"href":"https:\/\/steklarna-rogaska.si\/de\/wp-json\/wp\/v2\/comments?post=3929"}],"wp:featuredmedia":[{"embeddable":true,"href":"https:\/\/steklarna-rogaska.si\/de\/wp-json\/wp\/v2\/media\/3978"}],"wp:attachment":[{"href":"https:\/\/steklarna-rogaska.si\/de\/wp-json\/wp\/v2\/media?parent=3929"}],"wp:term":[{"taxonomy":"product_brand","embeddable":true,"href":"https:\/\/steklarna-rogaska.si\/de\/wp-json\/wp\/v2\/product_brand?post=3929"},{"taxonomy":"product_cat","embeddable":true,"href":"https:\/\/steklarna-rogaska.si\/de\/wp-json\/wp\/v2\/product_cat?post=3929"},{"taxonomy":"product_tag","embeddable":true,"href":"https:\/\/steklarna-rogaska.si\/de\/wp-json\/wp\/v2\/product_tag?post=3929"}],"curies":[{"name":"wp","href":"https:\/\/api.w.org\/{rel}","templated":true}]}}