{"id":3928,"date":"2025-04-27T10:00:25","date_gmt":"2025-04-27T10:00:25","guid":{"rendered":"https:\/\/steklarna-rogaska.si\/product\/import-placeholder-for-2397\/"},"modified":"2026-04-13T07:09:41","modified_gmt":"2026-04-13T07:09:41","slug":"equinox-bowl-12-cm-with-cover","status":"publish","type":"product","link":"https:\/\/steklarna-rogaska.si\/de\/product\/equinox-bowl-12-cm-with-cover\/","title":{"rendered":"SKLEDA 12 CM S POKROVOM &#8211; EQUINOX &#8211; kos"},"content":{"rendered":"<p class=\"\" data-start=\"698\" data-end=\"724\"><strong data-start=\"698\" data-end=\"724\">Zakaj izbrati Equinox?<\/strong><\/p>\n<p class=\"\" data-start=\"727\" data-end=\"759\">&#8211; 100 % ro\u010dna izdelava v Sloveniji<\/p>\n<p>&#8211; Kristal izjemne \u010distosti in sijaja<\/p>\n<p class=\"\" data-start=\"799\" data-end=\"840\">&#8211; Ekskluzivno oblikovanje za brez\u010dasen vtis<\/p>\n<p class=\"\" data-start=\"843\" data-end=\"877\">&#8211; Popolno darilo za posebne trenutke<\/p>\n<p class=\"\" data-start=\"879\" data-end=\"1031\">Podarite sebi ali svojim najdra\u017ejim nekaj edinstvenega. Kristalna posoda Equinox je ve\u010d kot izdelek \u2013 je simbol lepote, tradicije in prefinjenega okusa.<\/p>\n<p>vi\u0161ina = 111 mm<br \/>\n\u0161irina = 120 mm<br \/>\nte\u017ea = 0,8 kg<\/p>\n","protected":false},"excerpt":{"rendered":"<p class=\"\" data-start=\"127\" data-end=\"207\"><strong data-start=\"127\" data-end=\"207\">Mojstrovina elegance in ro\u010dne izdelave<\/strong><\/p>\n<p class=\"\" data-start=\"209\" data-end=\"455\">V svetu, kjer \u0161tejejo podrobnosti, Equinox kristalna posoda s pokrovom iz Steklarne Roga\u0161ka izstopa kot brez\u010dasna umetnina. Ro\u010dno izdelana iz vrhunskega kristala, zdru\u017euje ve\u010d kot 350 let steklarske tradicije, mojstrstva in strasti do popolnosti.<\/p>\n<p class=\"\" data-start=\"457\" data-end=\"696\">S svojo prefinjeno obliko in natan\u010dno bru\u0161enimi detajli bo ta 12 cm velika posoda o\u010darala vsak pogled in dodala pridih razko\u0161ja va\u0161emu domu. Idealna je za shranjevanje dragocenih predmetov, sladkih dobrot ali kot presti\u017een dekorativni kos.<\/p>\n","protected":false},"featured_media":3977,"comment_status":"closed","ping_status":"closed","template":"","meta":[],"product_brand":[],"product_cat":[916,921,923,920,919,996,946,949,948],"product_tag":[399,441,439,442],"class_list":{"0":"post-3928","1":"product","2":"type-product","3":"status-publish","4":"has-post-thumbnail","6":"product_cat-darilni-program-2","7":"product_cat-darila-zanjo","8":"product_cat-drobne-pozornosti","9":"product_cat-porocna-darila","10":"product_cat-poslovna-darila","11":"product_cat-praznicna-ponudba","12":"product_cat-sklede-2","13":"product_cat-posoda-za-shranjevanje","14":"product_cat-skleda-za-prigrizke","15":"product_tag-equinox","16":"product_tag-porocna-darila","17":"product_tag-poroka","18":"product_tag-praznicna-darila","20":"first","21":"outofstock","22":"shipping-taxable","23":"purchasable","24":"product-type-simple"},"_links":{"self":[{"href":"https:\/\/steklarna-rogaska.si\/de\/wp-json\/wp\/v2\/product\/3928","targetHints":{"allow":["GET"]}}],"collection":[{"href":"https:\/\/steklarna-rogaska.si\/de\/wp-json\/wp\/v2\/product"}],"about":[{"href":"https:\/\/steklarna-rogaska.si\/de\/wp-json\/wp\/v2\/types\/product"}],"replies":[{"embeddable":true,"href":"https:\/\/steklarna-rogaska.si\/de\/wp-json\/wp\/v2\/comments?post=3928"}],"wp:featuredmedia":[{"embeddable":true,"href":"https:\/\/steklarna-rogaska.si\/de\/wp-json\/wp\/v2\/media\/3977"}],"wp:attachment":[{"href":"https:\/\/steklarna-rogaska.si\/de\/wp-json\/wp\/v2\/media?parent=3928"}],"wp:term":[{"taxonomy":"product_brand","embeddable":true,"href":"https:\/\/steklarna-rogaska.si\/de\/wp-json\/wp\/v2\/product_brand?post=3928"},{"taxonomy":"product_cat","embeddable":true,"href":"https:\/\/steklarna-rogaska.si\/de\/wp-json\/wp\/v2\/product_cat?post=3928"},{"taxonomy":"product_tag","embeddable":true,"href":"https:\/\/steklarna-rogaska.si\/de\/wp-json\/wp\/v2\/product_tag?post=3928"}],"curies":[{"name":"wp","href":"https:\/\/api.w.org\/{rel}","templated":true}]}}