{"id":3926,"date":"2019-12-28T09:28:25","date_gmt":"2019-12-28T09:28:25","guid":{"rendered":"https:\/\/steklarna-rogaska.si\/product\/import-placeholder-for-2395\/"},"modified":"2026-04-13T07:18:41","modified_gmt":"2026-04-13T07:18:41","slug":"equinox-tea-cup-set-of-6","status":"publish","type":"product","link":"https:\/\/steklarna-rogaska.si\/de\/product\/equinox-tea-cup-set-of-6\/","title":{"rendered":"SKODELICA ZA \u010cAJ &#8211; EQUINOX &#8211; set 6 kos"},"content":{"rendered":"<p>Skodelice Equinox so \u010dudovite za postre\u017ebo \u010daja ali bele kave. V kolekciji Equinox boste na\u0161li tudi druge izdelke, s katerimi lahko obogatite va\u0161 prostor ali jih podarite za darilo!<\/p>\n<p>V \u0161katli je pakiranih 6 skodelic.<\/p>\n<p>vi\u0161ina = 111 mm<br \/>\n\u0161irina = 73 mm<br \/>\nte\u017ea = 0,4 kg<\/p>\n","protected":false},"excerpt":{"rendered":"<p>Skodelice Equinox so \u010dudovite za postre\u017ebo \u010daja ali bele kave. V kolekciji Equinox boste na\u0161li tudi druge izdelke, s katerimi lahko obogatite va\u0161 prostor ali [&hellip;]<\/p>\n","protected":false},"featured_media":3966,"comment_status":"closed","ping_status":"closed","template":"","meta":[],"product_brand":[],"product_cat":[196,956,958,957],"product_tag":[1029,993,399,496,495],"class_list":{"0":"post-3926","1":"product","2":"type-product","3":"status-publish","4":"has-post-thumbnail","6":"product_cat-barski-program","7":"product_cat-skodelice-za-caj-kavo-sladoled","8":"product_cat-skodelice-za-caj","9":"product_cat-skodelice-za-kavo","10":"product_tag-bozicno-darilo","11":"product_tag-darilo","12":"product_tag-equinox","13":"product_tag-za-belo-kavo","14":"product_tag-za-caj","16":"first","17":"outofstock","18":"shipping-taxable","19":"purchasable","20":"product-type-simple"},"_links":{"self":[{"href":"https:\/\/steklarna-rogaska.si\/de\/wp-json\/wp\/v2\/product\/3926","targetHints":{"allow":["GET"]}}],"collection":[{"href":"https:\/\/steklarna-rogaska.si\/de\/wp-json\/wp\/v2\/product"}],"about":[{"href":"https:\/\/steklarna-rogaska.si\/de\/wp-json\/wp\/v2\/types\/product"}],"replies":[{"embeddable":true,"href":"https:\/\/steklarna-rogaska.si\/de\/wp-json\/wp\/v2\/comments?post=3926"}],"wp:featuredmedia":[{"embeddable":true,"href":"https:\/\/steklarna-rogaska.si\/de\/wp-json\/wp\/v2\/media\/3966"}],"wp:attachment":[{"href":"https:\/\/steklarna-rogaska.si\/de\/wp-json\/wp\/v2\/media?parent=3926"}],"wp:term":[{"taxonomy":"product_brand","embeddable":true,"href":"https:\/\/steklarna-rogaska.si\/de\/wp-json\/wp\/v2\/product_brand?post=3926"},{"taxonomy":"product_cat","embeddable":true,"href":"https:\/\/steklarna-rogaska.si\/de\/wp-json\/wp\/v2\/product_cat?post=3926"},{"taxonomy":"product_tag","embeddable":true,"href":"https:\/\/steklarna-rogaska.si\/de\/wp-json\/wp\/v2\/product_tag?post=3926"}],"curies":[{"name":"wp","href":"https:\/\/api.w.org\/{rel}","templated":true}]}}