{"id":3913,"date":"2019-12-28T09:28:03","date_gmt":"2019-12-28T09:28:03","guid":{"rendered":"https:\/\/steklarna-rogaska.si\/product\/import-placeholder-for-2392\/"},"modified":"2026-04-20T07:05:44","modified_gmt":"2026-04-20T07:05:44","slug":"equinox-footed-centerpiece-34-cm-b","status":"publish","type":"product","link":"https:\/\/steklarna-rogaska.si\/de\/product\/equinox-footed-centerpiece-34-cm-b\/","title":{"rendered":"SKLEDA 33 CM S PODSTAVKOM &#8211; EQUINOX &#8211; kos"},"content":{"rendered":"<p>vi\u0161ina = 382 mm<br \/>\n\u0161irina = 119 mm<br \/>\nte\u017ea = 6,0 kg<\/p>\n","protected":false},"excerpt":{"rendered":"<p>vi\u0161ina = 382 mm \u0161irina = 119 mm te\u017ea = 6,0 kg<\/p>\n","protected":false},"featured_media":3963,"comment_status":"closed","ping_status":"closed","template":"","meta":[],"product_brand":[],"product_cat":[916,921,920,919,942,944,946,947],"product_tag":[399,447,441,439,442],"class_list":{"0":"post-3913","1":"product","2":"type-product","3":"status-publish","4":"has-post-thumbnail","6":"product_cat-darilni-program-2","7":"product_cat-darila-zanjo","8":"product_cat-porocna-darila","9":"product_cat-poslovna-darila","10":"product_cat-krozniki-in-pladnji","11":"product_cat-pladnji","12":"product_cat-sklede-2","13":"product_cat-sklede-za-sadje-2","14":"product_tag-equinox","15":"product_tag-kroznik-za-pecivo","16":"product_tag-porocna-darila","17":"product_tag-poroka","18":"product_tag-praznicna-darila","20":"first","21":"outofstock","22":"shipping-taxable","23":"purchasable","24":"product-type-simple"},"_links":{"self":[{"href":"https:\/\/steklarna-rogaska.si\/de\/wp-json\/wp\/v2\/product\/3913","targetHints":{"allow":["GET"]}}],"collection":[{"href":"https:\/\/steklarna-rogaska.si\/de\/wp-json\/wp\/v2\/product"}],"about":[{"href":"https:\/\/steklarna-rogaska.si\/de\/wp-json\/wp\/v2\/types\/product"}],"replies":[{"embeddable":true,"href":"https:\/\/steklarna-rogaska.si\/de\/wp-json\/wp\/v2\/comments?post=3913"}],"wp:featuredmedia":[{"embeddable":true,"href":"https:\/\/steklarna-rogaska.si\/de\/wp-json\/wp\/v2\/media\/3963"}],"wp:attachment":[{"href":"https:\/\/steklarna-rogaska.si\/de\/wp-json\/wp\/v2\/media?parent=3913"}],"wp:term":[{"taxonomy":"product_brand","embeddable":true,"href":"https:\/\/steklarna-rogaska.si\/de\/wp-json\/wp\/v2\/product_brand?post=3913"},{"taxonomy":"product_cat","embeddable":true,"href":"https:\/\/steklarna-rogaska.si\/de\/wp-json\/wp\/v2\/product_cat?post=3913"},{"taxonomy":"product_tag","embeddable":true,"href":"https:\/\/steklarna-rogaska.si\/de\/wp-json\/wp\/v2\/product_tag?post=3913"}],"curies":[{"name":"wp","href":"https:\/\/api.w.org\/{rel}","templated":true}]}}