{"id":3912,"date":"2019-12-28T09:28:03","date_gmt":"2019-12-28T09:28:03","guid":{"rendered":"https:\/\/steklarna-rogaska.si\/product\/import-placeholder-for-2391\/"},"modified":"2023-03-08T14:00:06","modified_gmt":"2023-03-08T14:00:06","slug":"equinox-footed-centerpiece-34-cm","status":"publish","type":"product","link":"https:\/\/steklarna-rogaska.si\/de\/product\/equinox-footed-centerpiece-34-cm\/","title":{"rendered":"SKLEDA 33 CM S PODSTAVKOM &#8211; EQUINOX &#8211; kos"},"content":{"rendered":"<p>vi\u0161ina = 170 mm<br \/>\n\u0161irina = 340 mm<br \/>\nte\u017ea = 5,6 kg<\/p>\n","protected":false},"excerpt":{"rendered":"<p>vi\u0161ina = 170 mm \u0161irina = 340 mm te\u017ea = 5,6 kg<\/p>\n","protected":false},"featured_media":3962,"comment_status":"closed","ping_status":"closed","template":"","meta":[],"product_brand":[],"product_cat":[916,919,946,947],"product_tag":[399,441,439,442],"class_list":{"0":"post-3912","1":"product","2":"type-product","3":"status-publish","4":"has-post-thumbnail","6":"product_cat-darilni-program-2","7":"product_cat-poslovna-darila","8":"product_cat-sklede-2","9":"product_cat-sklede-za-sadje-2","10":"product_tag-equinox","11":"product_tag-porocna-darila","12":"product_tag-poroka","13":"product_tag-praznicna-darila","15":"first","16":"outofstock","17":"shipping-taxable","18":"purchasable","19":"product-type-simple"},"_links":{"self":[{"href":"https:\/\/steklarna-rogaska.si\/de\/wp-json\/wp\/v2\/product\/3912","targetHints":{"allow":["GET"]}}],"collection":[{"href":"https:\/\/steklarna-rogaska.si\/de\/wp-json\/wp\/v2\/product"}],"about":[{"href":"https:\/\/steklarna-rogaska.si\/de\/wp-json\/wp\/v2\/types\/product"}],"replies":[{"embeddable":true,"href":"https:\/\/steklarna-rogaska.si\/de\/wp-json\/wp\/v2\/comments?post=3912"}],"wp:featuredmedia":[{"embeddable":true,"href":"https:\/\/steklarna-rogaska.si\/de\/wp-json\/wp\/v2\/media\/3962"}],"wp:attachment":[{"href":"https:\/\/steklarna-rogaska.si\/de\/wp-json\/wp\/v2\/media?parent=3912"}],"wp:term":[{"taxonomy":"product_brand","embeddable":true,"href":"https:\/\/steklarna-rogaska.si\/de\/wp-json\/wp\/v2\/product_brand?post=3912"},{"taxonomy":"product_cat","embeddable":true,"href":"https:\/\/steklarna-rogaska.si\/de\/wp-json\/wp\/v2\/product_cat?post=3912"},{"taxonomy":"product_tag","embeddable":true,"href":"https:\/\/steklarna-rogaska.si\/de\/wp-json\/wp\/v2\/product_tag?post=3912"}],"curies":[{"name":"wp","href":"https:\/\/api.w.org\/{rel}","templated":true}]}}