{"id":3894,"date":"2019-12-28T09:27:39","date_gmt":"2019-12-28T09:27:39","guid":{"rendered":"https:\/\/steklarna-rogaska.si\/product\/import-placeholder-for-2383\/"},"modified":"2026-04-13T06:43:56","modified_gmt":"2026-04-13T06:43:56","slug":"equinox-votive-15-cm","status":"publish","type":"product","link":"https:\/\/steklarna-rogaska.si\/de\/product\/equinox-votive-15-cm\/","title":{"rendered":"VOTIV ZA \u010cAJNO SVE\u010cO &#8211; EQUINOX &#8211; kos"},"content":{"rendered":"<p>vi\u0161ina = 44 mm<br \/>\n\u0161irina = 153 mm<br \/>\nte\u017ea = 1,3 kg<\/p>\n","protected":false},"excerpt":{"rendered":"<p>vi\u0161ina = 44 mm \u0161irina = 153 mm te\u017ea = 1,3 kg<\/p>\n","protected":false},"featured_media":3943,"comment_status":"closed","ping_status":"open","template":"","meta":[],"product_brand":[],"product_cat":[953,955,916,921,923,919,996,952],"product_tag":[399,441,439,442],"class_list":{"0":"post-3894","1":"product","2":"type-product","3":"status-publish","4":"has-post-thumbnail","6":"product_cat-bozicna-dekoracija","7":"product_cat-dekorativni-dodatki","8":"product_cat-darilni-program-2","9":"product_cat-darila-zanjo","10":"product_cat-drobne-pozornosti","11":"product_cat-poslovna-darila","12":"product_cat-praznicna-ponudba","13":"product_cat-svecnik","14":"product_tag-equinox","15":"product_tag-porocna-darila","16":"product_tag-poroka","17":"product_tag-praznicna-darila","19":"first","20":"outofstock","21":"shipping-taxable","22":"purchasable","23":"product-type-simple"},"_links":{"self":[{"href":"https:\/\/steklarna-rogaska.si\/de\/wp-json\/wp\/v2\/product\/3894","targetHints":{"allow":["GET"]}}],"collection":[{"href":"https:\/\/steklarna-rogaska.si\/de\/wp-json\/wp\/v2\/product"}],"about":[{"href":"https:\/\/steklarna-rogaska.si\/de\/wp-json\/wp\/v2\/types\/product"}],"replies":[{"embeddable":true,"href":"https:\/\/steklarna-rogaska.si\/de\/wp-json\/wp\/v2\/comments?post=3894"}],"wp:featuredmedia":[{"embeddable":true,"href":"https:\/\/steklarna-rogaska.si\/de\/wp-json\/wp\/v2\/media\/3943"}],"wp:attachment":[{"href":"https:\/\/steklarna-rogaska.si\/de\/wp-json\/wp\/v2\/media?parent=3894"}],"wp:term":[{"taxonomy":"product_brand","embeddable":true,"href":"https:\/\/steklarna-rogaska.si\/de\/wp-json\/wp\/v2\/product_brand?post=3894"},{"taxonomy":"product_cat","embeddable":true,"href":"https:\/\/steklarna-rogaska.si\/de\/wp-json\/wp\/v2\/product_cat?post=3894"},{"taxonomy":"product_tag","embeddable":true,"href":"https:\/\/steklarna-rogaska.si\/de\/wp-json\/wp\/v2\/product_tag?post=3894"}],"curies":[{"name":"wp","href":"https:\/\/api.w.org\/{rel}","templated":true}]}}