{"id":3887,"date":"2019-12-28T09:27:39","date_gmt":"2019-12-28T09:27:39","guid":{"rendered":"https:\/\/steklarna-rogaska.si\/product\/import-placeholder-for-2356\/"},"modified":"2026-04-13T06:45:10","modified_gmt":"2026-04-13T06:45:10","slug":"superior-mini-bowl-12-cm","status":"publish","type":"product","link":"https:\/\/steklarna-rogaska.si\/de\/product\/superior-mini-bowl-12-cm\/","title":{"rendered":"SKLEDA MINI 12 CM &#8211; SUPERIOR &#8211; kos"},"content":{"rendered":"<p>vi\u0161ina = 70 mm<br \/>\n\u0161irina = 95 mm<br \/>\nte\u017ea = 0,7 kg<\/p>\n","protected":false},"excerpt":{"rendered":"<p>Mladostna in drzna energija kolekcije \u2018Superior\u2019 je namenjena vsem, ki cenite druga\u010dnost in izstopate iz povpre\u010dja. Kristalno steklo ob svojem polnem potencialu vas bo vsaki\u010d znova presenetilo.<\/p>\n","protected":false},"featured_media":3937,"comment_status":"closed","ping_status":"open","template":"","meta":[],"product_brand":[],"product_cat":[916,923,919,996,946,948],"product_tag":[441,439,442,424],"class_list":{"0":"post-3887","1":"product","2":"type-product","3":"status-publish","4":"has-post-thumbnail","6":"product_cat-darilni-program-2","7":"product_cat-drobne-pozornosti","8":"product_cat-poslovna-darila","9":"product_cat-praznicna-ponudba","10":"product_cat-sklede-2","11":"product_cat-skleda-za-prigrizke","12":"product_tag-porocna-darila","13":"product_tag-poroka","14":"product_tag-praznicna-darila","15":"product_tag-superior","17":"first","18":"instock","19":"shipping-taxable","20":"purchasable","21":"product-type-simple"},"_links":{"self":[{"href":"https:\/\/steklarna-rogaska.si\/de\/wp-json\/wp\/v2\/product\/3887","targetHints":{"allow":["GET"]}}],"collection":[{"href":"https:\/\/steklarna-rogaska.si\/de\/wp-json\/wp\/v2\/product"}],"about":[{"href":"https:\/\/steklarna-rogaska.si\/de\/wp-json\/wp\/v2\/types\/product"}],"replies":[{"embeddable":true,"href":"https:\/\/steklarna-rogaska.si\/de\/wp-json\/wp\/v2\/comments?post=3887"}],"wp:featuredmedia":[{"embeddable":true,"href":"https:\/\/steklarna-rogaska.si\/de\/wp-json\/wp\/v2\/media\/3937"}],"wp:attachment":[{"href":"https:\/\/steklarna-rogaska.si\/de\/wp-json\/wp\/v2\/media?parent=3887"}],"wp:term":[{"taxonomy":"product_brand","embeddable":true,"href":"https:\/\/steklarna-rogaska.si\/de\/wp-json\/wp\/v2\/product_brand?post=3887"},{"taxonomy":"product_cat","embeddable":true,"href":"https:\/\/steklarna-rogaska.si\/de\/wp-json\/wp\/v2\/product_cat?post=3887"},{"taxonomy":"product_tag","embeddable":true,"href":"https:\/\/steklarna-rogaska.si\/de\/wp-json\/wp\/v2\/product_tag?post=3887"}],"curies":[{"name":"wp","href":"https:\/\/api.w.org\/{rel}","templated":true}]}}