{"id":3874,"date":"2019-12-28T09:27:16","date_gmt":"2019-12-28T09:27:16","guid":{"rendered":"https:\/\/steklarna-rogaska.si\/product\/import-placeholder-for-2346\/"},"modified":"2026-04-13T06:44:59","modified_gmt":"2026-04-13T06:44:59","slug":"shangri-la-vase-28-cm","status":"publish","type":"product","link":"https:\/\/steklarna-rogaska.si\/de\/product\/shangri-la-vase-28-cm\/","title":{"rendered":"VAZA 28 CM &#8211; SHANGRI-LA &#8211; kos"},"content":{"rendered":"<p>vi\u0161ina = 283 mm<br \/>\n\u0161irina = 179 mm<br \/>\nte\u017ea = 5,6 kg<\/p>\n","protected":false},"excerpt":{"rendered":"<p>vi\u0161ina = 283 mm \u0161irina = 179 mm te\u017ea = 5,6 kg<\/p>\n","protected":false},"featured_media":3922,"comment_status":"closed","ping_status":"closed","template":"","meta":[],"product_brand":[],"product_cat":[916,921,920,919,996,950],"product_tag":[441,439,442,282],"class_list":{"0":"post-3874","1":"product","2":"type-product","3":"status-publish","4":"has-post-thumbnail","6":"product_cat-darilni-program-2","7":"product_cat-darila-zanjo","8":"product_cat-porocna-darila","9":"product_cat-poslovna-darila","10":"product_cat-praznicna-ponudba","11":"product_cat-vaza","12":"product_tag-porocna-darila","13":"product_tag-poroka","14":"product_tag-praznicna-darila","15":"product_tag-shangri-la","17":"first","18":"outofstock","19":"shipping-taxable","20":"purchasable","21":"product-type-simple"},"_links":{"self":[{"href":"https:\/\/steklarna-rogaska.si\/de\/wp-json\/wp\/v2\/product\/3874","targetHints":{"allow":["GET"]}}],"collection":[{"href":"https:\/\/steklarna-rogaska.si\/de\/wp-json\/wp\/v2\/product"}],"about":[{"href":"https:\/\/steklarna-rogaska.si\/de\/wp-json\/wp\/v2\/types\/product"}],"replies":[{"embeddable":true,"href":"https:\/\/steklarna-rogaska.si\/de\/wp-json\/wp\/v2\/comments?post=3874"}],"wp:featuredmedia":[{"embeddable":true,"href":"https:\/\/steklarna-rogaska.si\/de\/wp-json\/wp\/v2\/media\/3922"}],"wp:attachment":[{"href":"https:\/\/steklarna-rogaska.si\/de\/wp-json\/wp\/v2\/media?parent=3874"}],"wp:term":[{"taxonomy":"product_brand","embeddable":true,"href":"https:\/\/steklarna-rogaska.si\/de\/wp-json\/wp\/v2\/product_brand?post=3874"},{"taxonomy":"product_cat","embeddable":true,"href":"https:\/\/steklarna-rogaska.si\/de\/wp-json\/wp\/v2\/product_cat?post=3874"},{"taxonomy":"product_tag","embeddable":true,"href":"https:\/\/steklarna-rogaska.si\/de\/wp-json\/wp\/v2\/product_tag?post=3874"}],"curies":[{"name":"wp","href":"https:\/\/api.w.org\/{rel}","templated":true}]}}