{"id":3765,"date":"2019-12-28T09:25:00","date_gmt":"2019-12-28T09:25:00","guid":{"rendered":"https:\/\/steklarna-rogaska.si\/product\/import-placeholder-for-2236\/"},"modified":"2026-04-13T06:43:33","modified_gmt":"2026-04-13T06:43:33","slug":"live-love-sparkle-mini-bowl-heart","status":"publish","type":"product","link":"https:\/\/steklarna-rogaska.si\/de\/product\/live-love-sparkle-mini-bowl-heart\/","title":{"rendered":"SKLEDA 12 CM SRCE &#8211; LIVE,LOVE,SPARKLE &#8211; kos"},"content":{"rendered":"<p>vi\u0161ina = 45 mm<br \/>\n\u0161irina = 120 mm<br \/>\nte\u017ea = 0.3 kg<\/p>\n","protected":false},"excerpt":{"rendered":"<p><em>Te male sklede s seboj prina\u0161ajo ob\u010dutja sre\u010dnih trenutkov in so \u010dudovit varuh prijetnih spominov. Postanejo lahko del tvoje zbirke drobnih predmetov, ki te radostijo, ali pa z njimi preseneti svoje najdra\u017eje!<\/em><\/p>\n","protected":false},"featured_media":3822,"comment_status":"closed","ping_status":"open","template":"","meta":[],"product_brand":[],"product_cat":[916,923,920,919,996,946,948,956,959],"product_tag":[440,491,441,439],"class_list":{"0":"post-3765","1":"product","2":"type-product","3":"status-publish","4":"has-post-thumbnail","6":"product_cat-darilni-program-2","7":"product_cat-drobne-pozornosti","8":"product_cat-porocna-darila","9":"product_cat-poslovna-darila","10":"product_cat-praznicna-ponudba","11":"product_cat-sklede-2","12":"product_cat-skleda-za-prigrizke","13":"product_cat-skodelice-za-caj-kavo-sladoled","14":"product_cat-skodelica-za-sladoled","15":"product_tag-krst","16":"product_tag-live-love-sparkle","17":"product_tag-porocna-darila","18":"product_tag-poroka","20":"first","21":"outofstock","22":"shipping-taxable","23":"purchasable","24":"product-type-simple"},"_links":{"self":[{"href":"https:\/\/steklarna-rogaska.si\/de\/wp-json\/wp\/v2\/product\/3765","targetHints":{"allow":["GET"]}}],"collection":[{"href":"https:\/\/steklarna-rogaska.si\/de\/wp-json\/wp\/v2\/product"}],"about":[{"href":"https:\/\/steklarna-rogaska.si\/de\/wp-json\/wp\/v2\/types\/product"}],"replies":[{"embeddable":true,"href":"https:\/\/steklarna-rogaska.si\/de\/wp-json\/wp\/v2\/comments?post=3765"}],"wp:featuredmedia":[{"embeddable":true,"href":"https:\/\/steklarna-rogaska.si\/de\/wp-json\/wp\/v2\/media\/3822"}],"wp:attachment":[{"href":"https:\/\/steklarna-rogaska.si\/de\/wp-json\/wp\/v2\/media?parent=3765"}],"wp:term":[{"taxonomy":"product_brand","embeddable":true,"href":"https:\/\/steklarna-rogaska.si\/de\/wp-json\/wp\/v2\/product_brand?post=3765"},{"taxonomy":"product_cat","embeddable":true,"href":"https:\/\/steklarna-rogaska.si\/de\/wp-json\/wp\/v2\/product_cat?post=3765"},{"taxonomy":"product_tag","embeddable":true,"href":"https:\/\/steklarna-rogaska.si\/de\/wp-json\/wp\/v2\/product_tag?post=3765"}],"curies":[{"name":"wp","href":"https:\/\/api.w.org\/{rel}","templated":true}]}}