{"id":3682,"date":"2019-12-28T09:23:27","date_gmt":"2019-12-28T09:23:27","guid":{"rendered":"https:\/\/steklarna-rogaska.si\/product\/import-placeholder-for-2131\/"},"modified":"2026-04-20T06:37:53","modified_gmt":"2026-04-20T06:37:53","slug":"crown-jewel-footed-bowl-23-cm-2","status":"publish","type":"product","link":"https:\/\/steklarna-rogaska.si\/de\/product\/crown-jewel-footed-bowl-23-cm-2\/","title":{"rendered":"SKLEDA 23 CM NA PODSTAVKU &#8211; CROWN JEWEL &#8211; kos"},"content":{"rendered":"<p>vi\u0161ina = 206 mm<br \/>\n\u0161irina = 227 mm<br \/>\nte\u017ea = 4.6 kg<\/p>\n","protected":false},"excerpt":{"rendered":"<p>vi\u0161ina = 206 mm \u0161irina = 227 mm te\u017ea = 4.6 kg<\/p>\n","protected":false},"featured_media":3730,"comment_status":"closed","ping_status":"open","template":"","meta":[],"product_brand":[],"product_cat":[946,947],"product_tag":[1002,1003,1004],"class_list":{"0":"post-3682","1":"product","2":"type-product","3":"status-publish","4":"has-post-thumbnail","6":"product_cat-sklede-2","7":"product_cat-sklede-za-sadje-2","8":"product_tag-skleda","9":"product_tag-skleda-na-podstavku","10":"product_tag-skleda-za-sadje","12":"first","13":"instock","14":"shipping-taxable","15":"purchasable","16":"product-type-simple"},"_links":{"self":[{"href":"https:\/\/steklarna-rogaska.si\/de\/wp-json\/wp\/v2\/product\/3682","targetHints":{"allow":["GET"]}}],"collection":[{"href":"https:\/\/steklarna-rogaska.si\/de\/wp-json\/wp\/v2\/product"}],"about":[{"href":"https:\/\/steklarna-rogaska.si\/de\/wp-json\/wp\/v2\/types\/product"}],"replies":[{"embeddable":true,"href":"https:\/\/steklarna-rogaska.si\/de\/wp-json\/wp\/v2\/comments?post=3682"}],"wp:featuredmedia":[{"embeddable":true,"href":"https:\/\/steklarna-rogaska.si\/de\/wp-json\/wp\/v2\/media\/3730"}],"wp:attachment":[{"href":"https:\/\/steklarna-rogaska.si\/de\/wp-json\/wp\/v2\/media?parent=3682"}],"wp:term":[{"taxonomy":"product_brand","embeddable":true,"href":"https:\/\/steklarna-rogaska.si\/de\/wp-json\/wp\/v2\/product_brand?post=3682"},{"taxonomy":"product_cat","embeddable":true,"href":"https:\/\/steklarna-rogaska.si\/de\/wp-json\/wp\/v2\/product_cat?post=3682"},{"taxonomy":"product_tag","embeddable":true,"href":"https:\/\/steklarna-rogaska.si\/de\/wp-json\/wp\/v2\/product_tag?post=3682"}],"curies":[{"name":"wp","href":"https:\/\/api.w.org\/{rel}","templated":true}]}}