{"id":3649,"date":"2019-12-28T09:22:44","date_gmt":"2019-12-28T09:22:44","guid":{"rendered":"https:\/\/steklarna-rogaska.si\/product\/import-placeholder-for-2116\/"},"modified":"2026-04-13T06:48:45","modified_gmt":"2026-04-13T06:48:45","slug":"crown-jewel-candleholder-25-cm","status":"publish","type":"product","link":"https:\/\/steklarna-rogaska.si\/de\/product\/crown-jewel-candleholder-25-cm\/","title":{"rendered":"SVE\u010cNIK 25 CM &#8211; CROWN JEWEL &#8211; kos"},"content":{"rendered":"<p>vi\u0161ina= 253mm<\/p>\n<p>\u00d8=101mm<\/p>\n<p>te\u017ea= 1,4 kg<\/p>\n","protected":false},"excerpt":{"rendered":"<p>vi\u0161ina= 253mm \u00d8=101mm te\u017ea= 1,4 kg<\/p>\n","protected":false},"featured_media":3697,"comment_status":"closed","ping_status":"closed","template":"","meta":[],"product_brand":[],"product_cat":[955,952],"product_tag":[384,993,1015,869],"class_list":{"0":"post-3649","1":"product","2":"type-product","3":"status-publish","4":"has-post-thumbnail","6":"product_cat-dekorativni-dodatki","7":"product_cat-svecnik","8":"product_tag-crown-jewel","9":"product_tag-darilo","10":"product_tag-kristalni-svecnik","11":"product_tag-svecnik","13":"first","14":"instock","15":"shipping-taxable","16":"purchasable","17":"product-type-simple"},"_links":{"self":[{"href":"https:\/\/steklarna-rogaska.si\/de\/wp-json\/wp\/v2\/product\/3649","targetHints":{"allow":["GET"]}}],"collection":[{"href":"https:\/\/steklarna-rogaska.si\/de\/wp-json\/wp\/v2\/product"}],"about":[{"href":"https:\/\/steklarna-rogaska.si\/de\/wp-json\/wp\/v2\/types\/product"}],"replies":[{"embeddable":true,"href":"https:\/\/steklarna-rogaska.si\/de\/wp-json\/wp\/v2\/comments?post=3649"}],"wp:featuredmedia":[{"embeddable":true,"href":"https:\/\/steklarna-rogaska.si\/de\/wp-json\/wp\/v2\/media\/3697"}],"wp:attachment":[{"href":"https:\/\/steklarna-rogaska.si\/de\/wp-json\/wp\/v2\/media?parent=3649"}],"wp:term":[{"taxonomy":"product_brand","embeddable":true,"href":"https:\/\/steklarna-rogaska.si\/de\/wp-json\/wp\/v2\/product_brand?post=3649"},{"taxonomy":"product_cat","embeddable":true,"href":"https:\/\/steklarna-rogaska.si\/de\/wp-json\/wp\/v2\/product_cat?post=3649"},{"taxonomy":"product_tag","embeddable":true,"href":"https:\/\/steklarna-rogaska.si\/de\/wp-json\/wp\/v2\/product_tag?post=3649"}],"curies":[{"name":"wp","href":"https:\/\/api.w.org\/{rel}","templated":true}]}}