{"id":3587,"date":"2019-12-28T09:21:35","date_gmt":"2019-12-28T09:21:35","guid":{"rendered":"https:\/\/steklarna-rogaska.si\/product\/import-placeholder-for-2037\/"},"modified":"2026-04-14T05:24:25","modified_gmt":"2026-04-14T05:24:25","slug":"bakhos-kozarec-za-penino-set-2","status":"publish","type":"product","link":"https:\/\/steklarna-rogaska.si\/de\/product\/bakhos-kozarec-za-penino-set-2\/","title":{"rendered":"KOZAREC ZA PENINO &#8211; BAKHOS &#8211; set 2 kos"},"content":{"rendered":"<p>vi\u0161ina = 272 mm<br \/>\n\u0161irina = 53 mm<br \/>\nte\u017ea = 0.3 kg<\/p>\n","protected":false},"excerpt":{"rendered":"<p>vi\u0161ina = 272 mm \u0161irina = 53 mm te\u017ea = 0.3 kg<\/p>\n","protected":false},"featured_media":3636,"comment_status":"closed","ping_status":"open","template":"","meta":[],"product_brand":[],"product_cat":[916,918,924,926,284,911],"product_tag":[362,449,468],"class_list":{"0":"post-3587","1":"product","2":"type-product","3":"status-publish","4":"has-post-thumbnail","6":"product_cat-darilni-program-2","7":"product_cat-vecna-klasika-2","8":"product_cat-kozarci-2","9":"product_cat-kozarci-za-penino-2","10":"product_cat-vinski-program-default-group","11":"product_cat-kozarci-za-penino","12":"product_tag-bakhos","13":"product_tag-klasika","14":"product_tag-za-penino","16":"first","17":"instock","18":"shipping-taxable","19":"purchasable","20":"product-type-simple"},"_links":{"self":[{"href":"https:\/\/steklarna-rogaska.si\/de\/wp-json\/wp\/v2\/product\/3587","targetHints":{"allow":["GET"]}}],"collection":[{"href":"https:\/\/steklarna-rogaska.si\/de\/wp-json\/wp\/v2\/product"}],"about":[{"href":"https:\/\/steklarna-rogaska.si\/de\/wp-json\/wp\/v2\/types\/product"}],"replies":[{"embeddable":true,"href":"https:\/\/steklarna-rogaska.si\/de\/wp-json\/wp\/v2\/comments?post=3587"}],"wp:featuredmedia":[{"embeddable":true,"href":"https:\/\/steklarna-rogaska.si\/de\/wp-json\/wp\/v2\/media\/3636"}],"wp:attachment":[{"href":"https:\/\/steklarna-rogaska.si\/de\/wp-json\/wp\/v2\/media?parent=3587"}],"wp:term":[{"taxonomy":"product_brand","embeddable":true,"href":"https:\/\/steklarna-rogaska.si\/de\/wp-json\/wp\/v2\/product_brand?post=3587"},{"taxonomy":"product_cat","embeddable":true,"href":"https:\/\/steklarna-rogaska.si\/de\/wp-json\/wp\/v2\/product_cat?post=3587"},{"taxonomy":"product_tag","embeddable":true,"href":"https:\/\/steklarna-rogaska.si\/de\/wp-json\/wp\/v2\/product_tag?post=3587"}],"curies":[{"name":"wp","href":"https:\/\/api.w.org\/{rel}","templated":true}]}}