{"id":3532,"date":"2019-12-28T09:20:27","date_gmt":"2019-12-28T09:20:27","guid":{"rendered":"https:\/\/steklarna-rogaska.si\/product\/import-placeholder-for-1980\/"},"modified":"2026-04-14T05:02:16","modified_gmt":"2026-04-14T05:02:16","slug":"aurea-decanter-jet","status":"publish","type":"product","link":"https:\/\/steklarna-rogaska.si\/de\/product\/aurea-decanter-jet\/","title":{"rendered":"DEKANTER ZA VINO Z RO\u010cAJEM &#8211; AUREA &#8211; kos"},"content":{"rendered":"<p>vi\u0161ina = 226 mm<br \/>\n\u0161irina = 140 mm<br \/>\nvol. &#8211; 1.3 l<br \/>\nte\u017ea = 1.2 kg<\/p>\n","protected":false},"excerpt":{"rendered":"<p>vi\u0161ina = 226 mm \u0161irina = 140 mm vol. &#8211; 1.3 l te\u017ea = 1.2 kg<\/p>\n","protected":false},"featured_media":3581,"comment_status":"closed","ping_status":"closed","template":"","meta":[],"product_brand":[],"product_cat":[935,939,284,913,912],"product_tag":[244,464,463],"class_list":{"0":"post-3532","1":"product","2":"type-product","3":"status-publish","4":"has-post-thumbnail","6":"product_cat-steklenice-dekanterji-vrci-posode","7":"product_cat-dekanter-za-vino-2","8":"product_cat-vinski-program-default-group","9":"product_cat-dekanter-za-vino","10":"product_cat-steklenice-za-vino","11":"product_tag-aurea","12":"product_tag-za-dekantiranje","13":"product_tag-za-vino","15":"first","16":"instock","17":"shipping-taxable","18":"purchasable","19":"product-type-simple"},"_links":{"self":[{"href":"https:\/\/steklarna-rogaska.si\/de\/wp-json\/wp\/v2\/product\/3532","targetHints":{"allow":["GET"]}}],"collection":[{"href":"https:\/\/steklarna-rogaska.si\/de\/wp-json\/wp\/v2\/product"}],"about":[{"href":"https:\/\/steklarna-rogaska.si\/de\/wp-json\/wp\/v2\/types\/product"}],"replies":[{"embeddable":true,"href":"https:\/\/steklarna-rogaska.si\/de\/wp-json\/wp\/v2\/comments?post=3532"}],"wp:featuredmedia":[{"embeddable":true,"href":"https:\/\/steklarna-rogaska.si\/de\/wp-json\/wp\/v2\/media\/3581"}],"wp:attachment":[{"href":"https:\/\/steklarna-rogaska.si\/de\/wp-json\/wp\/v2\/media?parent=3532"}],"wp:term":[{"taxonomy":"product_brand","embeddable":true,"href":"https:\/\/steklarna-rogaska.si\/de\/wp-json\/wp\/v2\/product_brand?post=3532"},{"taxonomy":"product_cat","embeddable":true,"href":"https:\/\/steklarna-rogaska.si\/de\/wp-json\/wp\/v2\/product_cat?post=3532"},{"taxonomy":"product_tag","embeddable":true,"href":"https:\/\/steklarna-rogaska.si\/de\/wp-json\/wp\/v2\/product_tag?post=3532"}],"curies":[{"name":"wp","href":"https:\/\/api.w.org\/{rel}","templated":true}]}}