{"id":3486,"date":"2019-12-28T09:19:39","date_gmt":"2019-12-28T09:19:39","guid":{"rendered":"https:\/\/steklarna-rogaska.si\/product\/import-placeholder-for-1928\/"},"modified":"2026-04-14T05:02:20","modified_gmt":"2026-04-14T05:02:20","slug":"aulide-gold-kozarec-za-belo-vino-set-2","status":"publish","type":"product","link":"https:\/\/steklarna-rogaska.si\/de\/product\/aulide-gold-kozarec-za-belo-vino-set-2\/","title":{"rendered":"KOZAREC ZA BELO VINO &#8211; AULIDE GOLD &#8211; set 2 kos"},"content":{"rendered":"<p>vi\u0161ina = 186 mm<br \/>\n\u0161irina = 73 mm<br \/>\nte\u017ea = 0.2 kg<\/p>\n","protected":false},"excerpt":{"rendered":"<p>vi\u0161ina = 186 mm \u0161irina = 73 mm te\u017ea = 0.2 kg<\/p>\n","protected":false},"featured_media":3536,"comment_status":"closed","ping_status":"closed","template":"","meta":[],"product_brand":[],"product_cat":[924,925,284,910],"product_tag":[346,452,461],"class_list":{"0":"post-3486","1":"product","2":"type-product","3":"status-publish","4":"has-post-thumbnail","6":"product_cat-kozarci-2","7":"product_cat-kozarci-za-vino-2","8":"product_cat-vinski-program-default-group","9":"product_cat-kozarci-za-vino","10":"product_tag-aulide-gold","11":"product_tag-praznovanje","12":"product_tag-za-belo-vino","14":"first","15":"instock","16":"shipping-taxable","17":"purchasable","18":"product-type-simple"},"_links":{"self":[{"href":"https:\/\/steklarna-rogaska.si\/de\/wp-json\/wp\/v2\/product\/3486","targetHints":{"allow":["GET"]}}],"collection":[{"href":"https:\/\/steklarna-rogaska.si\/de\/wp-json\/wp\/v2\/product"}],"about":[{"href":"https:\/\/steklarna-rogaska.si\/de\/wp-json\/wp\/v2\/types\/product"}],"replies":[{"embeddable":true,"href":"https:\/\/steklarna-rogaska.si\/de\/wp-json\/wp\/v2\/comments?post=3486"}],"wp:featuredmedia":[{"embeddable":true,"href":"https:\/\/steklarna-rogaska.si\/de\/wp-json\/wp\/v2\/media\/3536"}],"wp:attachment":[{"href":"https:\/\/steklarna-rogaska.si\/de\/wp-json\/wp\/v2\/media?parent=3486"}],"wp:term":[{"taxonomy":"product_brand","embeddable":true,"href":"https:\/\/steklarna-rogaska.si\/de\/wp-json\/wp\/v2\/product_brand?post=3486"},{"taxonomy":"product_cat","embeddable":true,"href":"https:\/\/steklarna-rogaska.si\/de\/wp-json\/wp\/v2\/product_cat?post=3486"},{"taxonomy":"product_tag","embeddable":true,"href":"https:\/\/steklarna-rogaska.si\/de\/wp-json\/wp\/v2\/product_tag?post=3486"}],"curies":[{"name":"wp","href":"https:\/\/api.w.org\/{rel}","templated":true}]}}