{"id":3473,"date":"2019-12-28T09:19:16","date_gmt":"2019-12-28T09:19:16","guid":{"rendered":"https:\/\/steklarna-rogaska.si\/product\/import-placeholder-for-1914\/"},"modified":"2026-04-14T05:24:11","modified_gmt":"2026-04-14T05:24:11","slug":"alexander-the-great-platter-35-cm","status":"publish","type":"product","link":"https:\/\/steklarna-rogaska.si\/de\/product\/alexander-the-great-platter-35-cm\/","title":{"rendered":"KRO\u017dNIK 35 CM &#8211; ALEKSANDER THE GREAT &#8211; kos"},"content":{"rendered":"<p>vi\u0161ina = 76 mm<br \/>\n\u0161irina = 347 mm<br \/>\nte\u017ea = 6.9 kg<\/p>\n","protected":false},"excerpt":{"rendered":"<p>vi\u0161ina = 76 mm \u0161irina = 347 mm te\u017ea = 6.9 kg<\/p>\n","protected":false},"featured_media":3523,"comment_status":"closed","ping_status":"open","template":"","meta":[],"product_brand":[],"product_cat":[916,919,917,918,942,943,944],"product_tag":[448,449,447,441,442],"class_list":{"0":"post-3473","1":"product","2":"type-product","3":"status-publish","4":"has-post-thumbnail","6":"product_cat-darilni-program-2","7":"product_cat-poslovna-darila","8":"product_cat-unikatna-darila","9":"product_cat-vecna-klasika-2","10":"product_cat-krozniki-in-pladnji","11":"product_cat-krozniki","12":"product_cat-pladnji","13":"product_tag-aleksander-veliki","14":"product_tag-klasika","15":"product_tag-kroznik-za-pecivo","16":"product_tag-porocna-darila","17":"product_tag-praznicna-darila","19":"first","20":"instock","21":"shipping-taxable","22":"purchasable","23":"product-type-simple"},"_links":{"self":[{"href":"https:\/\/steklarna-rogaska.si\/de\/wp-json\/wp\/v2\/product\/3473","targetHints":{"allow":["GET"]}}],"collection":[{"href":"https:\/\/steklarna-rogaska.si\/de\/wp-json\/wp\/v2\/product"}],"about":[{"href":"https:\/\/steklarna-rogaska.si\/de\/wp-json\/wp\/v2\/types\/product"}],"replies":[{"embeddable":true,"href":"https:\/\/steklarna-rogaska.si\/de\/wp-json\/wp\/v2\/comments?post=3473"}],"wp:featuredmedia":[{"embeddable":true,"href":"https:\/\/steklarna-rogaska.si\/de\/wp-json\/wp\/v2\/media\/3523"}],"wp:attachment":[{"href":"https:\/\/steklarna-rogaska.si\/de\/wp-json\/wp\/v2\/media?parent=3473"}],"wp:term":[{"taxonomy":"product_brand","embeddable":true,"href":"https:\/\/steklarna-rogaska.si\/de\/wp-json\/wp\/v2\/product_brand?post=3473"},{"taxonomy":"product_cat","embeddable":true,"href":"https:\/\/steklarna-rogaska.si\/de\/wp-json\/wp\/v2\/product_cat?post=3473"},{"taxonomy":"product_tag","embeddable":true,"href":"https:\/\/steklarna-rogaska.si\/de\/wp-json\/wp\/v2\/product_tag?post=3473"}],"curies":[{"name":"wp","href":"https:\/\/api.w.org\/{rel}","templated":true}]}}