{"id":3472,"date":"2019-12-28T09:19:16","date_gmt":"2019-12-28T09:19:16","guid":{"rendered":"https:\/\/steklarna-rogaska.si\/product\/import-placeholder-for-1913\/"},"modified":"2026-05-05T05:23:38","modified_gmt":"2026-05-05T05:23:38","slug":"alexander-the-great-bowl-21-cm","status":"publish","type":"product","link":"https:\/\/steklarna-rogaska.si\/de\/product\/alexander-the-great-bowl-21-cm\/","title":{"rendered":"SKLEDA 21 CM &#8211; ALEKSANDER THE GREAT &#8211; kos"},"content":{"rendered":"<p>vi\u0161ina= 149 mm<br \/>\n\u0161irina= 214 mm<br \/>\nte\u017ea = 5.7 kg<\/p>\n","protected":false},"excerpt":{"rendered":"<p>vi\u0161ina= 149 mm \u0161irina= 214 mm te\u017ea = 5.7 kg<\/p>\n","protected":false},"featured_media":3522,"comment_status":"closed","ping_status":"open","template":"","meta":[],"product_brand":[],"product_cat":[916,919,917,918,946,947],"product_tag":[448,449,441,442],"class_list":{"0":"post-3472","1":"product","2":"type-product","3":"status-publish","4":"has-post-thumbnail","6":"product_cat-darilni-program-2","7":"product_cat-poslovna-darila","8":"product_cat-unikatna-darila","9":"product_cat-vecna-klasika-2","10":"product_cat-sklede-2","11":"product_cat-sklede-za-sadje-2","12":"product_tag-aleksander-veliki","13":"product_tag-klasika","14":"product_tag-porocna-darila","15":"product_tag-praznicna-darila","17":"first","18":"instock","19":"shipping-taxable","20":"purchasable","21":"product-type-simple"},"_links":{"self":[{"href":"https:\/\/steklarna-rogaska.si\/de\/wp-json\/wp\/v2\/product\/3472","targetHints":{"allow":["GET"]}}],"collection":[{"href":"https:\/\/steklarna-rogaska.si\/de\/wp-json\/wp\/v2\/product"}],"about":[{"href":"https:\/\/steklarna-rogaska.si\/de\/wp-json\/wp\/v2\/types\/product"}],"replies":[{"embeddable":true,"href":"https:\/\/steklarna-rogaska.si\/de\/wp-json\/wp\/v2\/comments?post=3472"}],"wp:featuredmedia":[{"embeddable":true,"href":"https:\/\/steklarna-rogaska.si\/de\/wp-json\/wp\/v2\/media\/3522"}],"wp:attachment":[{"href":"https:\/\/steklarna-rogaska.si\/de\/wp-json\/wp\/v2\/media?parent=3472"}],"wp:term":[{"taxonomy":"product_brand","embeddable":true,"href":"https:\/\/steklarna-rogaska.si\/de\/wp-json\/wp\/v2\/product_brand?post=3472"},{"taxonomy":"product_cat","embeddable":true,"href":"https:\/\/steklarna-rogaska.si\/de\/wp-json\/wp\/v2\/product_cat?post=3472"},{"taxonomy":"product_tag","embeddable":true,"href":"https:\/\/steklarna-rogaska.si\/de\/wp-json\/wp\/v2\/product_tag?post=3472"}],"curies":[{"name":"wp","href":"https:\/\/api.w.org\/{rel}","templated":true}]}}