{"id":3451,"date":"2019-12-28T09:18:54","date_gmt":"2019-12-28T09:18:54","guid":{"rendered":"https:\/\/steklarna-rogaska.si\/product\/import-placeholder-for-1896\/"},"modified":"2026-04-13T07:06:50","modified_gmt":"2026-04-13T07:06:50","slug":"adria-bowl-24-cm","status":"publish","type":"product","link":"https:\/\/steklarna-rogaska.si\/de\/product\/adria-bowl-24-cm\/","title":{"rendered":"SKLEDA 24 CM &#8211; ADRIA &#8211; kos"},"content":{"rendered":"<p>vi\u0161ina=111 mm<\/p>\n<p>\u0161irina=240 mm<\/p>\n<p>te\u017ea= 4,11 kg<\/p>\n","protected":false},"excerpt":{"rendered":"<p>Serija Adria je \u010dudovito nabor izdelkov z mehkimi zaobljenimi oblikami, ki poudarjajo sodoben, a vseeno ve\u010dno klasi\u010den dizajn.<\/p>\n","protected":false},"featured_media":3500,"comment_status":"closed","ping_status":"closed","template":"","meta":[],"product_brand":[],"product_cat":[916,921,920,919,946,947],"product_tag":[188,441],"class_list":{"0":"post-3451","1":"product","2":"type-product","3":"status-publish","4":"has-post-thumbnail","6":"product_cat-darilni-program-2","7":"product_cat-darila-zanjo","8":"product_cat-porocna-darila","9":"product_cat-poslovna-darila","10":"product_cat-sklede-2","11":"product_cat-sklede-za-sadje-2","12":"product_tag-adria","13":"product_tag-porocna-darila","15":"first","16":"instock","17":"shipping-taxable","18":"purchasable","19":"product-type-simple"},"_links":{"self":[{"href":"https:\/\/steklarna-rogaska.si\/de\/wp-json\/wp\/v2\/product\/3451","targetHints":{"allow":["GET"]}}],"collection":[{"href":"https:\/\/steklarna-rogaska.si\/de\/wp-json\/wp\/v2\/product"}],"about":[{"href":"https:\/\/steklarna-rogaska.si\/de\/wp-json\/wp\/v2\/types\/product"}],"replies":[{"embeddable":true,"href":"https:\/\/steklarna-rogaska.si\/de\/wp-json\/wp\/v2\/comments?post=3451"}],"wp:featuredmedia":[{"embeddable":true,"href":"https:\/\/steklarna-rogaska.si\/de\/wp-json\/wp\/v2\/media\/3500"}],"wp:attachment":[{"href":"https:\/\/steklarna-rogaska.si\/de\/wp-json\/wp\/v2\/media?parent=3451"}],"wp:term":[{"taxonomy":"product_brand","embeddable":true,"href":"https:\/\/steklarna-rogaska.si\/de\/wp-json\/wp\/v2\/product_brand?post=3451"},{"taxonomy":"product_cat","embeddable":true,"href":"https:\/\/steklarna-rogaska.si\/de\/wp-json\/wp\/v2\/product_cat?post=3451"},{"taxonomy":"product_tag","embeddable":true,"href":"https:\/\/steklarna-rogaska.si\/de\/wp-json\/wp\/v2\/product_tag?post=3451"}],"curies":[{"name":"wp","href":"https:\/\/api.w.org\/{rel}","templated":true}]}}