{"id":3445,"date":"2019-12-28T09:18:53","date_gmt":"2019-12-28T09:18:53","guid":{"rendered":"https:\/\/steklarna-rogaska.si\/product\/import-placeholder-for-1890\/"},"modified":"2026-04-13T06:45:22","modified_gmt":"2026-04-13T06:45:22","slug":"4-elements-mini-bowl-air","status":"publish","type":"product","link":"https:\/\/steklarna-rogaska.si\/de\/product\/4-elements-mini-bowl-air\/","title":{"rendered":"SKLEDA MINI 13 CM ZRAK (AIR) &#8211; 4 ELEMENTS &#8211; kos"},"content":{"rendered":"<p>vi\u0161ina= 75 mm<\/p>\n<p>\u0161irina= 133 mm<\/p>\n<p>te\u017ea= 0,7 kg<\/p>\n","protected":false},"excerpt":{"rendered":"<p>vi\u0161ina= 75 mm \u0161irina= 133 mm te\u017ea= 0,7 kg<\/p>\n","protected":false},"featured_media":3484,"comment_status":"closed","ping_status":"open","template":"","meta":[],"product_brand":[],"product_cat":[916,919,996,946,948,956,959],"product_tag":[308,440,439],"class_list":{"0":"post-3445","1":"product","2":"type-product","3":"status-publish","4":"has-post-thumbnail","6":"product_cat-darilni-program-2","7":"product_cat-poslovna-darila","8":"product_cat-praznicna-ponudba","9":"product_cat-sklede-2","10":"product_cat-skleda-za-prigrizke","11":"product_cat-skodelice-za-caj-kavo-sladoled","12":"product_cat-skodelica-za-sladoled","13":"product_tag-4-elements","14":"product_tag-krst","15":"product_tag-poroka","17":"first","18":"instock","19":"shipping-taxable","20":"purchasable","21":"product-type-simple"},"_links":{"self":[{"href":"https:\/\/steklarna-rogaska.si\/de\/wp-json\/wp\/v2\/product\/3445","targetHints":{"allow":["GET"]}}],"collection":[{"href":"https:\/\/steklarna-rogaska.si\/de\/wp-json\/wp\/v2\/product"}],"about":[{"href":"https:\/\/steklarna-rogaska.si\/de\/wp-json\/wp\/v2\/types\/product"}],"replies":[{"embeddable":true,"href":"https:\/\/steklarna-rogaska.si\/de\/wp-json\/wp\/v2\/comments?post=3445"}],"wp:featuredmedia":[{"embeddable":true,"href":"https:\/\/steklarna-rogaska.si\/de\/wp-json\/wp\/v2\/media\/3484"}],"wp:attachment":[{"href":"https:\/\/steklarna-rogaska.si\/de\/wp-json\/wp\/v2\/media?parent=3445"}],"wp:term":[{"taxonomy":"product_brand","embeddable":true,"href":"https:\/\/steklarna-rogaska.si\/de\/wp-json\/wp\/v2\/product_brand?post=3445"},{"taxonomy":"product_cat","embeddable":true,"href":"https:\/\/steklarna-rogaska.si\/de\/wp-json\/wp\/v2\/product_cat?post=3445"},{"taxonomy":"product_tag","embeddable":true,"href":"https:\/\/steklarna-rogaska.si\/de\/wp-json\/wp\/v2\/product_tag?post=3445"}],"curies":[{"name":"wp","href":"https:\/\/api.w.org\/{rel}","templated":true}]}}