{"id":24652,"date":"2023-09-07T12:12:44","date_gmt":"2023-09-07T12:12:44","guid":{"rendered":"https:\/\/steklarna-rogaska.si\/?post_type=product&#038;p=24652"},"modified":"2026-04-13T07:24:08","modified_gmt":"2026-04-13T07:24:08","slug":"mini-vaza-12-cm-crystalization-kos","status":"publish","type":"product","link":"https:\/\/steklarna-rogaska.si\/de\/product\/mini-vaza-12-cm-crystalization-kos\/","title":{"rendered":"MINI VAZA 12 cm &#8211; CRYSTALLIZATION &#8211; kos"},"content":{"rendered":"<p>vi\u0161ina= 134 mm<\/p>\n<p>\u0161irina= 70 mm<\/p>\n<p>te\u017ea=0,8 kg<\/p>\n","protected":false},"excerpt":{"rendered":"<p>vi\u0161ina= 134 mm \u0161irina= 70 mm te\u017ea=0,8 kg<\/p>\n","protected":false},"featured_media":24678,"comment_status":"open","ping_status":"open","template":"","meta":[],"product_brand":[],"product_cat":[916,921,920,919,950],"product_tag":[1180,1331,998],"class_list":{"0":"post-24652","1":"product","2":"type-product","3":"status-publish","4":"has-post-thumbnail","6":"product_cat-darilni-program-2","7":"product_cat-darila-zanjo","8":"product_cat-porocna-darila","9":"product_cat-poslovna-darila","10":"product_cat-vaza","11":"product_tag-crystallization","12":"product_tag-mini-vaza","13":"product_tag-vaza","15":"first","16":"instock","17":"shipping-taxable","18":"purchasable","19":"product-type-simple"},"_links":{"self":[{"href":"https:\/\/steklarna-rogaska.si\/de\/wp-json\/wp\/v2\/product\/24652","targetHints":{"allow":["GET"]}}],"collection":[{"href":"https:\/\/steklarna-rogaska.si\/de\/wp-json\/wp\/v2\/product"}],"about":[{"href":"https:\/\/steklarna-rogaska.si\/de\/wp-json\/wp\/v2\/types\/product"}],"replies":[{"embeddable":true,"href":"https:\/\/steklarna-rogaska.si\/de\/wp-json\/wp\/v2\/comments?post=24652"}],"wp:featuredmedia":[{"embeddable":true,"href":"https:\/\/steklarna-rogaska.si\/de\/wp-json\/wp\/v2\/media\/24678"}],"wp:attachment":[{"href":"https:\/\/steklarna-rogaska.si\/de\/wp-json\/wp\/v2\/media?parent=24652"}],"wp:term":[{"taxonomy":"product_brand","embeddable":true,"href":"https:\/\/steklarna-rogaska.si\/de\/wp-json\/wp\/v2\/product_brand?post=24652"},{"taxonomy":"product_cat","embeddable":true,"href":"https:\/\/steklarna-rogaska.si\/de\/wp-json\/wp\/v2\/product_cat?post=24652"},{"taxonomy":"product_tag","embeddable":true,"href":"https:\/\/steklarna-rogaska.si\/de\/wp-json\/wp\/v2\/product_tag?post=24652"}],"curies":[{"name":"wp","href":"https:\/\/api.w.org\/{rel}","templated":true}]}}