{"id":24423,"date":"2025-02-28T08:37:59","date_gmt":"2025-02-28T08:37:59","guid":{"rendered":"https:\/\/steklarna-rogaska.si\/?post_type=product&#038;p=24423"},"modified":"2026-04-21T05:01:52","modified_gmt":"2026-04-21T05:01:52","slug":"posoda-za-led-velika-aulide-platinum-kos","status":"publish","type":"product","link":"https:\/\/steklarna-rogaska.si\/de\/product\/posoda-za-led-velika-aulide-platinum-kos\/","title":{"rendered":"POSODA ZA LED VELIKA &#8211; AULIDE PLATINUM &#8211; kos"},"content":{"rendered":"<p>vi\u0161ina = 220 mm<br \/>\n\u0161irina = 216 mm<br \/>\nte\u017ea = 4.9 kg<\/p>\n","protected":false},"excerpt":{"rendered":"<p>vi\u0161ina = 220 mm \u0161irina = 216 mm te\u017ea = 4.9 kg<\/p>\n","protected":false},"featured_media":9770,"comment_status":"open","ping_status":"closed","template":"","meta":[],"product_brand":[],"product_cat":[1400,196,444,284,453],"product_tag":[267,485,442,475],"class_list":{"0":"post-24423","1":"product","2":"type-product","3":"status-publish","4":"has-post-thumbnail","6":"product_cat-posebna-ponudba","7":"product_cat-barski-program","8":"product_cat-posoda-za-hlajenje","9":"product_cat-vinski-program-default-group","10":"product_cat-posode-za-led-2","11":"product_tag-aulide-platinum","12":"product_tag-poslovna-darila","13":"product_tag-praznicna-darila","14":"product_tag-za-led","16":"first","17":"outofstock","18":"shipping-taxable","19":"purchasable","20":"product-type-simple"},"_links":{"self":[{"href":"https:\/\/steklarna-rogaska.si\/de\/wp-json\/wp\/v2\/product\/24423","targetHints":{"allow":["GET"]}}],"collection":[{"href":"https:\/\/steklarna-rogaska.si\/de\/wp-json\/wp\/v2\/product"}],"about":[{"href":"https:\/\/steklarna-rogaska.si\/de\/wp-json\/wp\/v2\/types\/product"}],"replies":[{"embeddable":true,"href":"https:\/\/steklarna-rogaska.si\/de\/wp-json\/wp\/v2\/comments?post=24423"}],"wp:featuredmedia":[{"embeddable":true,"href":"https:\/\/steklarna-rogaska.si\/de\/wp-json\/wp\/v2\/media\/9770"}],"wp:attachment":[{"href":"https:\/\/steklarna-rogaska.si\/de\/wp-json\/wp\/v2\/media?parent=24423"}],"wp:term":[{"taxonomy":"product_brand","embeddable":true,"href":"https:\/\/steklarna-rogaska.si\/de\/wp-json\/wp\/v2\/product_brand?post=24423"},{"taxonomy":"product_cat","embeddable":true,"href":"https:\/\/steklarna-rogaska.si\/de\/wp-json\/wp\/v2\/product_cat?post=24423"},{"taxonomy":"product_tag","embeddable":true,"href":"https:\/\/steklarna-rogaska.si\/de\/wp-json\/wp\/v2\/product_tag?post=24423"}],"curies":[{"name":"wp","href":"https:\/\/api.w.org\/{rel}","templated":true}]}}