{"id":24411,"date":"2023-06-22T12:21:45","date_gmt":"2023-06-22T12:21:45","guid":{"rendered":"https:\/\/steklarna-rogaska.si\/?post_type=product&#038;p=24411"},"modified":"2026-04-14T05:02:10","modified_gmt":"2026-04-14T05:02:10","slug":"posoda-za-led-majhna-aulide-gold-kos","status":"publish","type":"product","link":"https:\/\/steklarna-rogaska.si\/de\/product\/posoda-za-led-majhna-aulide-gold-kos\/","title":{"rendered":"POSODA ZA LED MAJHNA &#8211; AULIDE GOLD &#8211; kos"},"content":{"rendered":"<p>vi\u0161ina = 156 mm<br \/>\n\u0161irina = 150 mm<br \/>\nte\u017ea = 2.0 kg<\/p>\n","protected":false},"excerpt":{"rendered":"<p>vi\u0161ina = 156 mm \u0161irina = 150 mm te\u017ea = 2.0 kg<\/p>\n","protected":false},"featured_media":3556,"comment_status":"closed","ping_status":"closed","template":"","meta":[],"product_brand":[],"product_cat":[444,284],"product_tag":[346,459],"class_list":{"0":"post-24411","1":"product","2":"type-product","3":"status-publish","4":"has-post-thumbnail","6":"product_cat-posoda-za-hlajenje","7":"product_cat-vinski-program-default-group","8":"product_tag-aulide-gold","9":"product_tag-za-hlajenje-pijace","11":"first","12":"instock","13":"shipping-taxable","14":"purchasable","15":"product-type-simple"},"_links":{"self":[{"href":"https:\/\/steklarna-rogaska.si\/de\/wp-json\/wp\/v2\/product\/24411","targetHints":{"allow":["GET"]}}],"collection":[{"href":"https:\/\/steklarna-rogaska.si\/de\/wp-json\/wp\/v2\/product"}],"about":[{"href":"https:\/\/steklarna-rogaska.si\/de\/wp-json\/wp\/v2\/types\/product"}],"replies":[{"embeddable":true,"href":"https:\/\/steklarna-rogaska.si\/de\/wp-json\/wp\/v2\/comments?post=24411"}],"wp:featuredmedia":[{"embeddable":true,"href":"https:\/\/steklarna-rogaska.si\/de\/wp-json\/wp\/v2\/media\/3556"}],"wp:attachment":[{"href":"https:\/\/steklarna-rogaska.si\/de\/wp-json\/wp\/v2\/media?parent=24411"}],"wp:term":[{"taxonomy":"product_brand","embeddable":true,"href":"https:\/\/steklarna-rogaska.si\/de\/wp-json\/wp\/v2\/product_brand?post=24411"},{"taxonomy":"product_cat","embeddable":true,"href":"https:\/\/steklarna-rogaska.si\/de\/wp-json\/wp\/v2\/product_cat?post=24411"},{"taxonomy":"product_tag","embeddable":true,"href":"https:\/\/steklarna-rogaska.si\/de\/wp-json\/wp\/v2\/product_tag?post=24411"}],"curies":[{"name":"wp","href":"https:\/\/api.w.org\/{rel}","templated":true}]}}