{"id":21317,"date":"2022-11-10T14:08:04","date_gmt":"2022-11-10T14:08:04","guid":{"rendered":"https:\/\/steklarna-rogaska.si\/?post_type=product&#038;p=21317"},"modified":"2026-04-21T05:12:14","modified_gmt":"2026-04-21T05:12:14","slug":"shangri-la-skleda-28-cm-akcija","status":"publish","type":"product","link":"https:\/\/steklarna-rogaska.si\/de\/product\/shangri-la-skleda-28-cm-akcija\/","title":{"rendered":"SKLEDA 28 CM &#8211; SHANGRI-LA &#8211; kos"},"content":{"rendered":"<p>vi\u0161ina = 152 mm<br \/>\n\u0161irina = 273 mm<br \/>\nte\u017ea = 4,6 kg<\/p>\n","protected":false},"excerpt":{"rendered":"<p>vi\u0161ina = 152 mm \u0161irina = 273 mm te\u017ea = 4,6 kg<\/p>\n","protected":false},"featured_media":3917,"comment_status":"closed","ping_status":"closed","template":"","meta":[],"product_brand":[],"product_cat":[916,920,919,946,947],"product_tag":[441,439,442,282],"class_list":{"0":"post-21317","1":"product","2":"type-product","3":"status-publish","4":"has-post-thumbnail","6":"product_cat-darilni-program-2","7":"product_cat-porocna-darila","8":"product_cat-poslovna-darila","9":"product_cat-sklede-2","10":"product_cat-sklede-za-sadje-2","11":"product_tag-porocna-darila","12":"product_tag-poroka","13":"product_tag-praznicna-darila","14":"product_tag-shangri-la","16":"first","17":"outofstock","18":"shipping-taxable","19":"purchasable","20":"product-type-simple"},"_links":{"self":[{"href":"https:\/\/steklarna-rogaska.si\/de\/wp-json\/wp\/v2\/product\/21317","targetHints":{"allow":["GET"]}}],"collection":[{"href":"https:\/\/steklarna-rogaska.si\/de\/wp-json\/wp\/v2\/product"}],"about":[{"href":"https:\/\/steklarna-rogaska.si\/de\/wp-json\/wp\/v2\/types\/product"}],"replies":[{"embeddable":true,"href":"https:\/\/steklarna-rogaska.si\/de\/wp-json\/wp\/v2\/comments?post=21317"}],"wp:featuredmedia":[{"embeddable":true,"href":"https:\/\/steklarna-rogaska.si\/de\/wp-json\/wp\/v2\/media\/3917"}],"wp:attachment":[{"href":"https:\/\/steklarna-rogaska.si\/de\/wp-json\/wp\/v2\/media?parent=21317"}],"wp:term":[{"taxonomy":"product_brand","embeddable":true,"href":"https:\/\/steklarna-rogaska.si\/de\/wp-json\/wp\/v2\/product_brand?post=21317"},{"taxonomy":"product_cat","embeddable":true,"href":"https:\/\/steklarna-rogaska.si\/de\/wp-json\/wp\/v2\/product_cat?post=21317"},{"taxonomy":"product_tag","embeddable":true,"href":"https:\/\/steklarna-rogaska.si\/de\/wp-json\/wp\/v2\/product_tag?post=21317"}],"curies":[{"name":"wp","href":"https:\/\/api.w.org\/{rel}","templated":true}]}}