{"id":20179,"date":"2022-06-23T07:40:06","date_gmt":"2022-06-23T07:40:06","guid":{"rendered":"https:\/\/steklarna-rogaska.si\/?post_type=product&#038;p=20179"},"modified":"2023-03-10T11:09:46","modified_gmt":"2023-03-10T11:09:46","slug":"darilni-bon-200-e","status":"publish","type":"product","link":"https:\/\/steklarna-rogaska.si\/de\/product\/darilni-bon-200-e\/","title":{"rendered":"DARILNI BON 200 \u20ac"},"content":{"rendered":"<p>Darilni bon je mo\u017eno unov\u010diti izklju\u010dno v spletni trgovini v enkratnem znesku. Z nakupom darilnega bona prejmete kodo, s katero unov\u010dite vrednost bona.<\/p>\n<p>Veljavnost bona: 1 leto od nakupa<\/p>\n","protected":false},"excerpt":{"rendered":"<p>Darilni bon je mo\u017eno unov\u010diti izklju\u010dno v spletni trgovini v enkratnem znesku. Z nakupom darilnega bona prejmete kodo, s katero unov\u010dite vrednost bona. Veljavnost bona: [&hellip;]<\/p>\n","protected":false},"featured_media":20309,"comment_status":"open","ping_status":"closed","template":"","meta":[],"product_brand":[],"product_cat":[1236],"product_tag":[1231],"class_list":{"0":"post-20179","1":"product","2":"type-product","3":"status-publish","4":"has-post-thumbnail","6":"product_cat-darilni-bon","7":"product_tag-darilni-bon","9":"first","10":"instock","11":"shipping-taxable","12":"purchasable","13":"product-type-simple"},"_links":{"self":[{"href":"https:\/\/steklarna-rogaska.si\/de\/wp-json\/wp\/v2\/product\/20179","targetHints":{"allow":["GET"]}}],"collection":[{"href":"https:\/\/steklarna-rogaska.si\/de\/wp-json\/wp\/v2\/product"}],"about":[{"href":"https:\/\/steklarna-rogaska.si\/de\/wp-json\/wp\/v2\/types\/product"}],"replies":[{"embeddable":true,"href":"https:\/\/steklarna-rogaska.si\/de\/wp-json\/wp\/v2\/comments?post=20179"}],"wp:featuredmedia":[{"embeddable":true,"href":"https:\/\/steklarna-rogaska.si\/de\/wp-json\/wp\/v2\/media\/20309"}],"wp:attachment":[{"href":"https:\/\/steklarna-rogaska.si\/de\/wp-json\/wp\/v2\/media?parent=20179"}],"wp:term":[{"taxonomy":"product_brand","embeddable":true,"href":"https:\/\/steklarna-rogaska.si\/de\/wp-json\/wp\/v2\/product_brand?post=20179"},{"taxonomy":"product_cat","embeddable":true,"href":"https:\/\/steklarna-rogaska.si\/de\/wp-json\/wp\/v2\/product_cat?post=20179"},{"taxonomy":"product_tag","embeddable":true,"href":"https:\/\/steklarna-rogaska.si\/de\/wp-json\/wp\/v2\/product_tag?post=20179"}],"curies":[{"name":"wp","href":"https:\/\/api.w.org\/{rel}","templated":true}]}}