{"id":17272,"date":"2022-02-18T11:43:44","date_gmt":"2022-02-18T11:43:44","guid":{"rendered":"https:\/\/steklarna-rogaska.si\/?post_type=product&#038;p=17272"},"modified":"2026-04-14T05:24:11","modified_gmt":"2026-04-14T05:24:11","slug":"manager-noz-za-odpiranje-pisem","status":"publish","type":"product","link":"https:\/\/steklarna-rogaska.si\/de\/product\/manager-noz-za-odpiranje-pisem\/","title":{"rendered":"NO\u017d ZA ODPIRANJE PISEM &#8211; MANAGER &#8211; kos"},"content":{"rendered":"<p>vi\u0161ina: 250 mm \u0161irina: 22mm<\/p>\n","protected":false},"excerpt":{"rendered":"<p>vi\u0161ina: 250 mm \u0161irina: 22mm<\/p>\n","protected":false},"featured_media":17260,"comment_status":"open","ping_status":"open","template":"","meta":[],"product_brand":[],"product_cat":[906],"product_tag":[1210,1212,1211],"class_list":{"0":"post-17272","1":"product","2":"type-product","3":"status-publish","4":"has-post-thumbnail","6":"product_cat-kozarci-za-konjak","7":"product_tag-manager","8":"product_tag-odpiranje-pisem","9":"product_tag-za-odpiranje-pisem","11":"first","12":"instock","13":"shipping-taxable","14":"purchasable","15":"product-type-simple"},"_links":{"self":[{"href":"https:\/\/steklarna-rogaska.si\/de\/wp-json\/wp\/v2\/product\/17272","targetHints":{"allow":["GET"]}}],"collection":[{"href":"https:\/\/steklarna-rogaska.si\/de\/wp-json\/wp\/v2\/product"}],"about":[{"href":"https:\/\/steklarna-rogaska.si\/de\/wp-json\/wp\/v2\/types\/product"}],"replies":[{"embeddable":true,"href":"https:\/\/steklarna-rogaska.si\/de\/wp-json\/wp\/v2\/comments?post=17272"}],"wp:featuredmedia":[{"embeddable":true,"href":"https:\/\/steklarna-rogaska.si\/de\/wp-json\/wp\/v2\/media\/17260"}],"wp:attachment":[{"href":"https:\/\/steklarna-rogaska.si\/de\/wp-json\/wp\/v2\/media?parent=17272"}],"wp:term":[{"taxonomy":"product_brand","embeddable":true,"href":"https:\/\/steklarna-rogaska.si\/de\/wp-json\/wp\/v2\/product_brand?post=17272"},{"taxonomy":"product_cat","embeddable":true,"href":"https:\/\/steklarna-rogaska.si\/de\/wp-json\/wp\/v2\/product_cat?post=17272"},{"taxonomy":"product_tag","embeddable":true,"href":"https:\/\/steklarna-rogaska.si\/de\/wp-json\/wp\/v2\/product_tag?post=17272"}],"curies":[{"name":"wp","href":"https:\/\/api.w.org\/{rel}","templated":true}]}}