{"id":15899,"date":"2022-01-24T10:15:27","date_gmt":"2022-01-24T10:15:27","guid":{"rendered":"https:\/\/steklarna-rogaska.si\/?post_type=product&#038;p=15899"},"modified":"2026-04-13T08:28:25","modified_gmt":"2026-04-13T08:28:25","slug":"signature-krozniki-21-cm-set-4-ellen-degeneres","status":"publish","type":"product","link":"https:\/\/steklarna-rogaska.si\/de\/product\/signature-krozniki-21-cm-set-4-ellen-degeneres\/","title":{"rendered":"KRO\u017dNIK 21 CM &#8211; ELEN DEGENERES ROYAL DOULTON &#8211; set 4 kos"},"content":{"rendered":"<pre id=\"tw-target-text\" class=\"tw-data-text tw-text-large tw-ta\" dir=\"ltr\" data-placeholder=\"Prevod\"><span class=\"Y2IQFc\" lang=\"sl\">Ellen Degeneres je za Royal Doulton oblikovala in podpisala to \u010dudovito kolekcijo, ki vklju\u010duje set kro\u017enikov z atraktivnimi motivi in trendovskimi barvami. Kro\u017eniki so primerni za doma\u010do uporabo ali za darilo osebam, ki so vam ljube.\r\nPisane kro\u017enike lahko zanimivo kombinirate ob razli\u010dnih prilo\u017enostih. Atraktivno pakiranje po 4 kro\u017enike je zelo enostavno za prenos.\r\nIzdelke lahko pomivate v pomivalnem stroju in uporabljate v mikrovalovni pe\u010dici.\r\n<\/span><\/pre>\n","protected":false},"excerpt":{"rendered":"<p>Ellen Degeneres je za Royal Doulton oblikovala in podpisala to \u010dudovito kolekcijo, ki vklju\u010duje set kro\u017enikov z atraktivnimi motivi in trendovskimi barvami. Kro\u017eniki so primerni [&hellip;]<\/p>\n","protected":false},"featured_media":15906,"comment_status":"open","ping_status":"open","template":"","meta":[],"product_brand":[],"product_cat":[960,961,962],"product_tag":[1170,1188,1187,811],"class_list":{"0":"post-15899","1":"product","2":"type-product","3":"status-publish","4":"has-post-thumbnail","6":"product_cat-porcelan-2","7":"product_cat-jedilni-servisi","8":"product_cat-krozniki-2","9":"product_tag-krozniki","10":"product_tag-krozniki-porcelan","11":"product_tag-porcelan-royal-doulton","12":"product_tag-royal-doulton","14":"first","15":"outofstock","16":"shipping-taxable","17":"purchasable","18":"product-type-simple"},"_links":{"self":[{"href":"https:\/\/steklarna-rogaska.si\/de\/wp-json\/wp\/v2\/product\/15899","targetHints":{"allow":["GET"]}}],"collection":[{"href":"https:\/\/steklarna-rogaska.si\/de\/wp-json\/wp\/v2\/product"}],"about":[{"href":"https:\/\/steklarna-rogaska.si\/de\/wp-json\/wp\/v2\/types\/product"}],"replies":[{"embeddable":true,"href":"https:\/\/steklarna-rogaska.si\/de\/wp-json\/wp\/v2\/comments?post=15899"}],"wp:featuredmedia":[{"embeddable":true,"href":"https:\/\/steklarna-rogaska.si\/de\/wp-json\/wp\/v2\/media\/15906"}],"wp:attachment":[{"href":"https:\/\/steklarna-rogaska.si\/de\/wp-json\/wp\/v2\/media?parent=15899"}],"wp:term":[{"taxonomy":"product_brand","embeddable":true,"href":"https:\/\/steklarna-rogaska.si\/de\/wp-json\/wp\/v2\/product_brand?post=15899"},{"taxonomy":"product_cat","embeddable":true,"href":"https:\/\/steklarna-rogaska.si\/de\/wp-json\/wp\/v2\/product_cat?post=15899"},{"taxonomy":"product_tag","embeddable":true,"href":"https:\/\/steklarna-rogaska.si\/de\/wp-json\/wp\/v2\/product_tag?post=15899"}],"curies":[{"name":"wp","href":"https:\/\/api.w.org\/{rel}","templated":true}]}}