{"id":15845,"date":"2022-01-24T07:47:07","date_gmt":"2022-01-24T07:47:07","guid":{"rendered":"https:\/\/steklarna-rogaska.si\/?post_type=product&#038;p=15845"},"modified":"2026-04-20T08:28:27","modified_gmt":"2026-04-20T08:28:27","slug":"ellen-degeneres-skodelica-za-caj-belo-kavo-bela-kuza-475-ml","status":"publish","type":"product","link":"https:\/\/steklarna-rogaska.si\/de\/product\/ellen-degeneres-skodelica-za-caj-belo-kavo-bela-kuza-475-ml\/","title":{"rendered":"SKODELICA ZA \u010cAJ\/ BELO KAVO &#8211; BELA &#8211; KU\u017dA (475 ML) &#8211; ELEN DEGENERES ROYAL DOULTON &#8211; kos"},"content":{"rendered":"<p>\u010ce ste ljubitelj ku\u017ekov oz. poznate koga, ki neizmerno obo\u017euje \u0161tirino\u017ene prijatelje, potem je skodelica, ki jo je za Royal Doulton dizajnirala Elen Degeneres, prav\u0161nja.<\/p>\n<p>Skodelica je narejena iz pocelana in jo lahko perete v pomivalnem stroju in uporabite tudi v mikrovalovni pe\u010dici.<\/p>\n<p>&nbsp;<\/p>\n","protected":false},"excerpt":{"rendered":"<p>\u010ce ste ljubitelj ku\u017ekov oz. poznate koga, ki neizmerno obo\u017euje \u0161tirino\u017ene prijatelje, potem je skodelica, ki jo je za Royal Doulton dizajnirala Elen Degeneres, prav\u0161nja. [&hellip;]<\/p>\n","protected":false},"featured_media":15849,"comment_status":"open","ping_status":"open","template":"","meta":[],"product_brand":[],"product_cat":[960,963],"product_tag":[1187,814,813,1173],"class_list":{"0":"post-15845","1":"product","2":"type-product","3":"status-publish","4":"has-post-thumbnail","6":"product_cat-porcelan-2","7":"product_cat-skodelice","8":"product_tag-porcelan-royal-doulton","9":"product_tag-skodelica-porcelan","10":"product_tag-skodelica-za-caj","11":"product_tag-skodelica-za-kavo","13":"first","14":"outofstock","15":"shipping-taxable","16":"purchasable","17":"product-type-simple"},"_links":{"self":[{"href":"https:\/\/steklarna-rogaska.si\/de\/wp-json\/wp\/v2\/product\/15845","targetHints":{"allow":["GET"]}}],"collection":[{"href":"https:\/\/steklarna-rogaska.si\/de\/wp-json\/wp\/v2\/product"}],"about":[{"href":"https:\/\/steklarna-rogaska.si\/de\/wp-json\/wp\/v2\/types\/product"}],"replies":[{"embeddable":true,"href":"https:\/\/steklarna-rogaska.si\/de\/wp-json\/wp\/v2\/comments?post=15845"}],"wp:featuredmedia":[{"embeddable":true,"href":"https:\/\/steklarna-rogaska.si\/de\/wp-json\/wp\/v2\/media\/15849"}],"wp:attachment":[{"href":"https:\/\/steklarna-rogaska.si\/de\/wp-json\/wp\/v2\/media?parent=15845"}],"wp:term":[{"taxonomy":"product_brand","embeddable":true,"href":"https:\/\/steklarna-rogaska.si\/de\/wp-json\/wp\/v2\/product_brand?post=15845"},{"taxonomy":"product_cat","embeddable":true,"href":"https:\/\/steklarna-rogaska.si\/de\/wp-json\/wp\/v2\/product_cat?post=15845"},{"taxonomy":"product_tag","embeddable":true,"href":"https:\/\/steklarna-rogaska.si\/de\/wp-json\/wp\/v2\/product_tag?post=15845"}],"curies":[{"name":"wp","href":"https:\/\/api.w.org\/{rel}","templated":true}]}}