{"id":14221,"date":"2025-05-21T07:36:28","date_gmt":"2025-05-21T07:36:28","guid":{"rendered":"https:\/\/steklarna-rogaska.si\/?post_type=product&#038;p=14221"},"modified":"2026-04-20T06:53:24","modified_gmt":"2026-04-20T06:53:24","slug":"square-svecnik-25-cm","status":"publish","type":"product","link":"https:\/\/steklarna-rogaska.si\/de\/product\/square-svecnik-25-cm\/","title":{"rendered":"SVE\u010cNIK 25 CM &#8211; SQUARE &#8211; kos"},"content":{"rendered":"<p>vi\u0161ina = 254 mm \u0161irina = 90 mm te\u017ea = 1,49 kg<\/p>\n","protected":false},"excerpt":{"rendered":"<p>vi\u0161ina = 254 mm \u0161irina = 90 mm te\u017ea = 1,49 kg<\/p>\n","protected":false},"featured_media":14216,"comment_status":"open","ping_status":"closed","template":"","meta":[],"product_brand":[],"product_cat":[953,955,916,923,919,996,952],"product_tag":[441,439,442,317],"class_list":{"0":"post-14221","1":"product","2":"type-product","3":"status-publish","4":"has-post-thumbnail","6":"product_cat-bozicna-dekoracija","7":"product_cat-dekorativni-dodatki","8":"product_cat-darilni-program-2","9":"product_cat-drobne-pozornosti","10":"product_cat-poslovna-darila","11":"product_cat-praznicna-ponudba","12":"product_cat-svecnik","13":"product_tag-porocna-darila","14":"product_tag-poroka","15":"product_tag-praznicna-darila","16":"product_tag-square","18":"first","19":"instock","20":"shipping-taxable","21":"purchasable","22":"product-type-simple"},"_links":{"self":[{"href":"https:\/\/steklarna-rogaska.si\/de\/wp-json\/wp\/v2\/product\/14221","targetHints":{"allow":["GET"]}}],"collection":[{"href":"https:\/\/steklarna-rogaska.si\/de\/wp-json\/wp\/v2\/product"}],"about":[{"href":"https:\/\/steklarna-rogaska.si\/de\/wp-json\/wp\/v2\/types\/product"}],"replies":[{"embeddable":true,"href":"https:\/\/steklarna-rogaska.si\/de\/wp-json\/wp\/v2\/comments?post=14221"}],"wp:featuredmedia":[{"embeddable":true,"href":"https:\/\/steklarna-rogaska.si\/de\/wp-json\/wp\/v2\/media\/14216"}],"wp:attachment":[{"href":"https:\/\/steklarna-rogaska.si\/de\/wp-json\/wp\/v2\/media?parent=14221"}],"wp:term":[{"taxonomy":"product_brand","embeddable":true,"href":"https:\/\/steklarna-rogaska.si\/de\/wp-json\/wp\/v2\/product_brand?post=14221"},{"taxonomy":"product_cat","embeddable":true,"href":"https:\/\/steklarna-rogaska.si\/de\/wp-json\/wp\/v2\/product_cat?post=14221"},{"taxonomy":"product_tag","embeddable":true,"href":"https:\/\/steklarna-rogaska.si\/de\/wp-json\/wp\/v2\/product_tag?post=14221"}],"curies":[{"name":"wp","href":"https:\/\/api.w.org\/{rel}","templated":true}]}}