{"id":14219,"date":"2025-05-21T07:33:20","date_gmt":"2025-05-21T07:33:20","guid":{"rendered":"https:\/\/steklarna-rogaska.si\/?post_type=product&#038;p=14219"},"modified":"2026-04-20T06:53:20","modified_gmt":"2026-04-20T06:53:20","slug":"square-svecnik-15-cm","status":"publish","type":"product","link":"https:\/\/steklarna-rogaska.si\/de\/product\/square-svecnik-15-cm\/","title":{"rendered":"SVE\u010cNIK 15 CM &#8211; SQUARE &#8211; kos"},"content":{"rendered":"<p>vi\u0161ina = 152 mm \u0161irina = 90 mm te\u017ea = 0,92 kg<\/p>\n","protected":false},"excerpt":{"rendered":"<p>vi\u0161ina = 152 mm \u0161irina = 90 mm te\u017ea = 0,92 kg<\/p>\n","protected":false},"featured_media":14210,"comment_status":"open","ping_status":"closed","template":"","meta":[],"product_brand":[],"product_cat":[953,955,916,919,996,952],"product_tag":[485,442,452,317],"class_list":{"0":"post-14219","1":"product","2":"type-product","3":"status-publish","4":"has-post-thumbnail","6":"product_cat-bozicna-dekoracija","7":"product_cat-dekorativni-dodatki","8":"product_cat-darilni-program-2","9":"product_cat-poslovna-darila","10":"product_cat-praznicna-ponudba","11":"product_cat-svecnik","12":"product_tag-poslovna-darila","13":"product_tag-praznicna-darila","14":"product_tag-praznovanje","15":"product_tag-square","17":"first","18":"instock","19":"shipping-taxable","20":"purchasable","21":"product-type-simple"},"_links":{"self":[{"href":"https:\/\/steklarna-rogaska.si\/de\/wp-json\/wp\/v2\/product\/14219","targetHints":{"allow":["GET"]}}],"collection":[{"href":"https:\/\/steklarna-rogaska.si\/de\/wp-json\/wp\/v2\/product"}],"about":[{"href":"https:\/\/steklarna-rogaska.si\/de\/wp-json\/wp\/v2\/types\/product"}],"replies":[{"embeddable":true,"href":"https:\/\/steklarna-rogaska.si\/de\/wp-json\/wp\/v2\/comments?post=14219"}],"wp:featuredmedia":[{"embeddable":true,"href":"https:\/\/steklarna-rogaska.si\/de\/wp-json\/wp\/v2\/media\/14210"}],"wp:attachment":[{"href":"https:\/\/steklarna-rogaska.si\/de\/wp-json\/wp\/v2\/media?parent=14219"}],"wp:term":[{"taxonomy":"product_brand","embeddable":true,"href":"https:\/\/steklarna-rogaska.si\/de\/wp-json\/wp\/v2\/product_brand?post=14219"},{"taxonomy":"product_cat","embeddable":true,"href":"https:\/\/steklarna-rogaska.si\/de\/wp-json\/wp\/v2\/product_cat?post=14219"},{"taxonomy":"product_tag","embeddable":true,"href":"https:\/\/steklarna-rogaska.si\/de\/wp-json\/wp\/v2\/product_tag?post=14219"}],"curies":[{"name":"wp","href":"https:\/\/api.w.org\/{rel}","templated":true}]}}