{"id":14184,"date":"2021-10-05T08:56:04","date_gmt":"2021-10-05T08:56:04","guid":{"rendered":"https:\/\/steklarna-rogaska.si\/?post_type=product&#038;p=14184"},"modified":"2026-04-13T06:54:42","modified_gmt":"2026-04-13T06:54:42","slug":"venere-steklenica","status":"publish","type":"product","link":"https:\/\/steklarna-rogaska.si\/de\/product\/venere-steklenica\/","title":{"rendered":"STEKLENICA ZA VINO 1,8 L &#8211; VENERE &#8211; kos"},"content":{"rendered":"<p>vi\u0161ina=380 mm \u0161irina=170 mm vol.= 1800 ml te\u017ea= 0,86 kg<\/p>\n","protected":false},"excerpt":{"rendered":"<p><span lang=\"EN-US\">Kolekcija Venere je nova serija kozarcev in kelihov Roga\u0161ka. Izoblikovane linije naredijo kolekcijo bo\u017eansko privla\u010dno in lepo, kot je bila boginja Venera. Kozarci na mizi delujejo izjemno estetsko in elegantno. Oblika vinskih \u010da\u0161 omogo\u010da popoln razvoj zna\u010dilnost vina. Novo kolekcijo Venere sestavljajo 4 vinski kelihi, 3 kozarci za \u017egane pija\u010de in 2 dekanterja.<\/span><\/p>\n","protected":false},"featured_media":14162,"comment_status":"open","ping_status":"open","template":"","meta":[],"product_brand":[],"product_cat":[935,939,938,937,284,913,912],"product_tag":[1007,463,467],"class_list":{"0":"post-14184","1":"product","2":"type-product","3":"status-publish","4":"has-post-thumbnail","6":"product_cat-steklenice-dekanterji-vrci-posode","7":"product_cat-dekanter-za-vino-2","8":"product_cat-steklenica-za-vino","9":"product_cat-steklenica-za-vodo","10":"product_cat-vinski-program-default-group","11":"product_cat-dekanter-za-vino","12":"product_cat-steklenice-za-vino","13":"product_tag-venere","14":"product_tag-za-vino","15":"product_tag-za-vodo","17":"first","18":"instock","19":"shipping-taxable","20":"purchasable","21":"product-type-simple"},"_links":{"self":[{"href":"https:\/\/steklarna-rogaska.si\/de\/wp-json\/wp\/v2\/product\/14184","targetHints":{"allow":["GET"]}}],"collection":[{"href":"https:\/\/steklarna-rogaska.si\/de\/wp-json\/wp\/v2\/product"}],"about":[{"href":"https:\/\/steklarna-rogaska.si\/de\/wp-json\/wp\/v2\/types\/product"}],"replies":[{"embeddable":true,"href":"https:\/\/steklarna-rogaska.si\/de\/wp-json\/wp\/v2\/comments?post=14184"}],"wp:featuredmedia":[{"embeddable":true,"href":"https:\/\/steklarna-rogaska.si\/de\/wp-json\/wp\/v2\/media\/14162"}],"wp:attachment":[{"href":"https:\/\/steklarna-rogaska.si\/de\/wp-json\/wp\/v2\/media?parent=14184"}],"wp:term":[{"taxonomy":"product_brand","embeddable":true,"href":"https:\/\/steklarna-rogaska.si\/de\/wp-json\/wp\/v2\/product_brand?post=14184"},{"taxonomy":"product_cat","embeddable":true,"href":"https:\/\/steklarna-rogaska.si\/de\/wp-json\/wp\/v2\/product_cat?post=14184"},{"taxonomy":"product_tag","embeddable":true,"href":"https:\/\/steklarna-rogaska.si\/de\/wp-json\/wp\/v2\/product_tag?post=14184"}],"curies":[{"name":"wp","href":"https:\/\/api.w.org\/{rel}","templated":true}]}}