{"id":11090,"date":"2020-11-23T10:12:05","date_gmt":"2020-11-23T10:12:05","guid":{"rendered":"https:\/\/steklarna-rogaska.si\/?post_type=product&#038;p=11090"},"modified":"2025-01-18T21:39:38","modified_gmt":"2025-01-18T21:39:38","slug":"titanic-svecnik-25-cm-set-2-kosa","status":"publish","type":"product","link":"https:\/\/steklarna-rogaska.si\/de\/product\/titanic-svecnik-25-cm-set-2-kosa\/","title":{"rendered":"SVE\u010cNIK 25 CM &#8211; TITANIC &#8211; set 2 kos"},"content":{"rendered":"<p>V=255 mm \u0160=94 mm te\u017ea= 1,10 kg<\/p>\n","protected":false},"excerpt":{"rendered":"<p>V=255 mm \u0160=94 mm te\u017ea= 1,10 kg<\/p>\n","protected":false},"featured_media":11125,"comment_status":"open","ping_status":"closed","template":"","meta":[],"product_brand":[],"product_cat":[952],"product_tag":[485,442,303],"class_list":{"0":"post-11090","1":"product","2":"type-product","3":"status-publish","4":"has-post-thumbnail","6":"product_cat-svecnik","7":"product_tag-poslovna-darila","8":"product_tag-praznicna-darila","9":"product_tag-titanic","11":"first","12":"outofstock","13":"shipping-taxable","14":"purchasable","15":"product-type-simple"},"_links":{"self":[{"href":"https:\/\/steklarna-rogaska.si\/de\/wp-json\/wp\/v2\/product\/11090","targetHints":{"allow":["GET"]}}],"collection":[{"href":"https:\/\/steklarna-rogaska.si\/de\/wp-json\/wp\/v2\/product"}],"about":[{"href":"https:\/\/steklarna-rogaska.si\/de\/wp-json\/wp\/v2\/types\/product"}],"replies":[{"embeddable":true,"href":"https:\/\/steklarna-rogaska.si\/de\/wp-json\/wp\/v2\/comments?post=11090"}],"wp:featuredmedia":[{"embeddable":true,"href":"https:\/\/steklarna-rogaska.si\/de\/wp-json\/wp\/v2\/media\/11125"}],"wp:attachment":[{"href":"https:\/\/steklarna-rogaska.si\/de\/wp-json\/wp\/v2\/media?parent=11090"}],"wp:term":[{"taxonomy":"product_brand","embeddable":true,"href":"https:\/\/steklarna-rogaska.si\/de\/wp-json\/wp\/v2\/product_brand?post=11090"},{"taxonomy":"product_cat","embeddable":true,"href":"https:\/\/steklarna-rogaska.si\/de\/wp-json\/wp\/v2\/product_cat?post=11090"},{"taxonomy":"product_tag","embeddable":true,"href":"https:\/\/steklarna-rogaska.si\/de\/wp-json\/wp\/v2\/product_tag?post=11090"}],"curies":[{"name":"wp","href":"https:\/\/api.w.org\/{rel}","templated":true}]}}