{"id":11081,"date":"2020-11-23T08:38:07","date_gmt":"2020-11-23T08:38:07","guid":{"rendered":"https:\/\/steklarna-rogaska.si\/?post_type=product&#038;p=11081"},"modified":"2026-04-21T05:24:10","modified_gmt":"2026-04-21T05:24:10","slug":"armudi-star-kozarec-za-caj-set-6-kos","status":"publish","type":"product","link":"https:\/\/steklarna-rogaska.si\/de\/product\/armudi-star-kozarec-za-caj-set-6-kos\/","title":{"rendered":"KOZAREC ZA \u010cAJ &#8211; ARMUDI STAR &#8211; set 6 kos"},"content":{"rendered":"<p>vi\u0161ina = 100 mm \u0161irina (fi) = 70 mm<\/p>\n","protected":false},"excerpt":{"rendered":"<p>vi\u0161ina = 100 mm \u0161irina (fi) = 70 mm<\/p>\n","protected":false},"featured_media":11059,"comment_status":"open","ping_status":"open","template":"","meta":[],"product_brand":[],"product_cat":[956,958],"product_tag":[820,485,442,495],"class_list":{"0":"post-11081","1":"product","2":"type-product","3":"status-publish","4":"has-post-thumbnail","6":"product_cat-skodelice-za-caj-kavo-sladoled","7":"product_cat-skodelice-za-caj","8":"product_tag-armudi-star","9":"product_tag-poslovna-darila","10":"product_tag-praznicna-darila","11":"product_tag-za-caj","13":"first","14":"outofstock","15":"shipping-taxable","16":"purchasable","17":"product-type-simple"},"_links":{"self":[{"href":"https:\/\/steklarna-rogaska.si\/de\/wp-json\/wp\/v2\/product\/11081","targetHints":{"allow":["GET"]}}],"collection":[{"href":"https:\/\/steklarna-rogaska.si\/de\/wp-json\/wp\/v2\/product"}],"about":[{"href":"https:\/\/steklarna-rogaska.si\/de\/wp-json\/wp\/v2\/types\/product"}],"replies":[{"embeddable":true,"href":"https:\/\/steklarna-rogaska.si\/de\/wp-json\/wp\/v2\/comments?post=11081"}],"wp:featuredmedia":[{"embeddable":true,"href":"https:\/\/steklarna-rogaska.si\/de\/wp-json\/wp\/v2\/media\/11059"}],"wp:attachment":[{"href":"https:\/\/steklarna-rogaska.si\/de\/wp-json\/wp\/v2\/media?parent=11081"}],"wp:term":[{"taxonomy":"product_brand","embeddable":true,"href":"https:\/\/steklarna-rogaska.si\/de\/wp-json\/wp\/v2\/product_brand?post=11081"},{"taxonomy":"product_cat","embeddable":true,"href":"https:\/\/steklarna-rogaska.si\/de\/wp-json\/wp\/v2\/product_cat?post=11081"},{"taxonomy":"product_tag","embeddable":true,"href":"https:\/\/steklarna-rogaska.si\/de\/wp-json\/wp\/v2\/product_tag?post=11081"}],"curies":[{"name":"wp","href":"https:\/\/api.w.org\/{rel}","templated":true}]}}