{"id":11026,"date":"2020-11-12T10:01:11","date_gmt":"2020-11-12T10:01:11","guid":{"rendered":"https:\/\/steklarna-rogaska.si\/?post_type=product&#038;p=11026"},"modified":"2026-04-21T05:02:12","modified_gmt":"2026-04-21T05:02:12","slug":"skylight-kozarec-za-whisky-set-4","status":"publish","type":"product","link":"https:\/\/steklarna-rogaska.si\/de\/product\/skylight-kozarec-za-whisky-set-4\/","title":{"rendered":"DOF KOZAREC ZA VISKI &#8211; SKYLIGHT &#8211; set 4 kos"},"content":{"rendered":"<p>vi\u0161ina = 98 mm<br \/>\n\u0161irina = 83 mm<br \/>\nte\u017ea = 0.4 kg<\/p>\n","protected":false},"excerpt":{"rendered":"<p>Serija kristalnih izdelkov Skylight odra\u017ea ve\u010dno eleganco in tradicijo s katero se pona\u0161a Roga\u0161ka.<\/p>\n","protected":false},"featured_media":4062,"comment_status":"closed","ping_status":"closed","template":"","meta":[],"product_brand":[],"product_cat":[196,905,922,924,928],"product_tag":[433,458,467,478],"class_list":{"0":"post-11026","1":"product","2":"type-product","3":"status-publish","4":"has-post-thumbnail","6":"product_cat-barski-program","7":"product_cat-kozarci-za-viski","8":"product_cat-darila-zanj","9":"product_cat-kozarci-2","10":"product_cat-kozarci-za-viski-2","11":"product_tag-skylight","12":"product_tag-za-mesane-pijace","13":"product_tag-za-vodo","14":"product_tag-za-zgane-pijace","16":"first","17":"outofstock","18":"shipping-taxable","19":"purchasable","20":"product-type-simple"},"_links":{"self":[{"href":"https:\/\/steklarna-rogaska.si\/de\/wp-json\/wp\/v2\/product\/11026","targetHints":{"allow":["GET"]}}],"collection":[{"href":"https:\/\/steklarna-rogaska.si\/de\/wp-json\/wp\/v2\/product"}],"about":[{"href":"https:\/\/steklarna-rogaska.si\/de\/wp-json\/wp\/v2\/types\/product"}],"replies":[{"embeddable":true,"href":"https:\/\/steklarna-rogaska.si\/de\/wp-json\/wp\/v2\/comments?post=11026"}],"wp:featuredmedia":[{"embeddable":true,"href":"https:\/\/steklarna-rogaska.si\/de\/wp-json\/wp\/v2\/media\/4062"}],"wp:attachment":[{"href":"https:\/\/steklarna-rogaska.si\/de\/wp-json\/wp\/v2\/media?parent=11026"}],"wp:term":[{"taxonomy":"product_brand","embeddable":true,"href":"https:\/\/steklarna-rogaska.si\/de\/wp-json\/wp\/v2\/product_brand?post=11026"},{"taxonomy":"product_cat","embeddable":true,"href":"https:\/\/steklarna-rogaska.si\/de\/wp-json\/wp\/v2\/product_cat?post=11026"},{"taxonomy":"product_tag","embeddable":true,"href":"https:\/\/steklarna-rogaska.si\/de\/wp-json\/wp\/v2\/product_tag?post=11026"}],"curies":[{"name":"wp","href":"https:\/\/api.w.org\/{rel}","templated":true}]}}