{"id":10656,"date":"2025-05-21T08:33:00","date_gmt":"2025-05-21T08:33:00","guid":{"rendered":"https:\/\/steklarna-rogaska.si\/?post_type=product&#038;p=10656"},"modified":"2026-04-20T07:15:17","modified_gmt":"2026-04-20T07:15:17","slug":"london-set-treh-svecnikov","status":"publish","type":"product","link":"https:\/\/steklarna-rogaska.si\/de\/product\/london-set-treh-svecnikov\/","title":{"rendered":"SET 3 SVE\u010cNIKOV RAZLI\u010cNIH VELIKOSTI &#8211; LONDON &#8211; set"},"content":{"rendered":"<p>vi\u0161ina = 305 mm \/ 255mm \/ 204 mm<\/p>\n<p>\u0161irina = 108 mm<\/p>\n<p style=\"color: white;\">\n","protected":false},"excerpt":{"rendered":"<p>vi\u0161ina = 305 mm \/ 255mm \/ 204 mm \u0161irina = 108 mm<\/p>\n","protected":false},"featured_media":10627,"comment_status":"open","ping_status":"closed","template":"","meta":[],"product_brand":[],"product_cat":[953,955,916,996,952],"product_tag":[416,485,442],"class_list":{"0":"post-10656","1":"product","2":"type-product","3":"status-publish","4":"has-post-thumbnail","6":"product_cat-bozicna-dekoracija","7":"product_cat-dekorativni-dodatki","8":"product_cat-darilni-program-2","9":"product_cat-praznicna-ponudba","10":"product_cat-svecnik","11":"product_tag-london","12":"product_tag-poslovna-darila","13":"product_tag-praznicna-darila","15":"first","16":"instock","17":"shipping-taxable","18":"purchasable","19":"product-type-simple"},"_links":{"self":[{"href":"https:\/\/steklarna-rogaska.si\/de\/wp-json\/wp\/v2\/product\/10656","targetHints":{"allow":["GET"]}}],"collection":[{"href":"https:\/\/steklarna-rogaska.si\/de\/wp-json\/wp\/v2\/product"}],"about":[{"href":"https:\/\/steklarna-rogaska.si\/de\/wp-json\/wp\/v2\/types\/product"}],"replies":[{"embeddable":true,"href":"https:\/\/steklarna-rogaska.si\/de\/wp-json\/wp\/v2\/comments?post=10656"}],"wp:featuredmedia":[{"embeddable":true,"href":"https:\/\/steklarna-rogaska.si\/de\/wp-json\/wp\/v2\/media\/10627"}],"wp:attachment":[{"href":"https:\/\/steklarna-rogaska.si\/de\/wp-json\/wp\/v2\/media?parent=10656"}],"wp:term":[{"taxonomy":"product_brand","embeddable":true,"href":"https:\/\/steklarna-rogaska.si\/de\/wp-json\/wp\/v2\/product_brand?post=10656"},{"taxonomy":"product_cat","embeddable":true,"href":"https:\/\/steklarna-rogaska.si\/de\/wp-json\/wp\/v2\/product_cat?post=10656"},{"taxonomy":"product_tag","embeddable":true,"href":"https:\/\/steklarna-rogaska.si\/de\/wp-json\/wp\/v2\/product_tag?post=10656"}],"curies":[{"name":"wp","href":"https:\/\/api.w.org\/{rel}","templated":true}]}}