{"id":10317,"date":"2020-10-01T12:53:20","date_gmt":"2020-10-01T12:53:20","guid":{"rendered":"https:\/\/steklarna-rogaska.si\/?post_type=product&#038;p=10317"},"modified":"2026-04-14T05:13:13","modified_gmt":"2026-04-14T05:13:13","slug":"expert-y-kozarec-za-penino-set-2","status":"publish","type":"product","link":"https:\/\/steklarna-rogaska.si\/de\/product\/expert-y-kozarec-za-penino-set-2\/","title":{"rendered":"KOZAREC ZA PENINO &#8211; EXPERT-Y &#8211; set 2 kos"},"content":{"rendered":"<p>vi\u0161ina = 274 mm<\/p>\n<p>\u0161irina = 76 mm<\/p>\n<p>vol.\u00a0300 ml<\/p>\n","protected":false},"excerpt":{"rendered":"<p>Expert Y je novost v ponudbi strokovno zasnovanih vinskih kelihov. \u010ca\u0161e smo oblikovali tako, da lahko vino kar najbolje razvije in izrazi cvetico ter polnost okusa, obenem pa smo upo\u0161tevali sodobne smernice v oblikovanju. Popoln izbor za moderen \u017eivljenjski slog.<\/p>\n","protected":false},"featured_media":10268,"comment_status":"open","ping_status":"open","template":"","meta":[],"product_brand":[],"product_cat":[919,924,926,284,911],"product_tag":[405,977,968,969,441,485,442,979,976,791],"class_list":{"0":"post-10317","1":"product","2":"type-product","3":"status-publish","4":"has-post-thumbnail","6":"product_cat-poslovna-darila","7":"product_cat-kozarci-2","8":"product_cat-kozarci-za-penino-2","9":"product_cat-vinski-program-default-group","10":"product_cat-kozarci-za-penino","11":"product_tag-expert-y","12":"product_tag-kelih-rogaska","13":"product_tag-kelih-za-penino","14":"product_tag-kozarec-za-penino","15":"product_tag-porocna-darila","16":"product_tag-poslovna-darila","17":"product_tag-praznicna-darila","18":"product_tag-vvinski-kelih","19":"product_tag-vinski-kozarec","20":"product_tag-za-penine","22":"first","23":"instock","24":"shipping-taxable","25":"purchasable","26":"product-type-simple"},"_links":{"self":[{"href":"https:\/\/steklarna-rogaska.si\/de\/wp-json\/wp\/v2\/product\/10317","targetHints":{"allow":["GET"]}}],"collection":[{"href":"https:\/\/steklarna-rogaska.si\/de\/wp-json\/wp\/v2\/product"}],"about":[{"href":"https:\/\/steklarna-rogaska.si\/de\/wp-json\/wp\/v2\/types\/product"}],"replies":[{"embeddable":true,"href":"https:\/\/steklarna-rogaska.si\/de\/wp-json\/wp\/v2\/comments?post=10317"}],"wp:featuredmedia":[{"embeddable":true,"href":"https:\/\/steklarna-rogaska.si\/de\/wp-json\/wp\/v2\/media\/10268"}],"wp:attachment":[{"href":"https:\/\/steklarna-rogaska.si\/de\/wp-json\/wp\/v2\/media?parent=10317"}],"wp:term":[{"taxonomy":"product_brand","embeddable":true,"href":"https:\/\/steklarna-rogaska.si\/de\/wp-json\/wp\/v2\/product_brand?post=10317"},{"taxonomy":"product_cat","embeddable":true,"href":"https:\/\/steklarna-rogaska.si\/de\/wp-json\/wp\/v2\/product_cat?post=10317"},{"taxonomy":"product_tag","embeddable":true,"href":"https:\/\/steklarna-rogaska.si\/de\/wp-json\/wp\/v2\/product_tag?post=10317"}],"curies":[{"name":"wp","href":"https:\/\/api.w.org\/{rel}","templated":true}]}}