{"id":32032,"date":"2024-04-19T09:56:38","date_gmt":"2024-04-19T09:56:38","guid":{"rendered":"https:\/\/steklarna-rogaska.si\/entdecken-sie-die-welt-von-rogaska-kristallglass\/"},"modified":"2024-04-19T10:17:41","modified_gmt":"2024-04-19T10:17:41","slug":"entdecken-sie-die-welt-von-rogaska-kristallglass","status":"publish","type":"page","link":"https:\/\/steklarna-rogaska.si\/de\/entdecken-sie-die-welt-von-rogaska-kristallglass\/","title":{"rendered":"Entdecken Sie Die Welt Von Roga\u0161ka-Kristallglass"},"content":{"rendered":"<div class=\"wpb-content-wrapper\"><p>[vc_row css=&#8221;.vc_custom_1713435593285{padding-bottom: 5% !important;background-position: center !important;background-repeat: no-repeat !important;background-size: cover !important;}&#8221;][vc_column][vc_row_inner css=&#8221;.vc_custom_1713361963836{background-position: center !important;background-repeat: no-repeat !important;background-size: cover !important;}&#8221;][vc_column_inner]<div class=\"qodef-section-title-holder  qodef-st-standard qodef-st-title-left qodef-st-normal-space \" >\n\t<div class=\"qodef-st-inner\">\n\t\t\t\t\t<h2 class=\"qodef-st-title\" >\n\t\t\t\tEntdecken Sie Die Welt Von Roga\u0161ka-Kristallglass\t\t\t<\/h2>\n\t\t\t\t\t<\/div>\n<\/div>[\/vc_column_inner][\/vc_row_inner][vc_column_text css=&#8221;.vc_custom_1713445073520{padding-top: 2% !important;}&#8221;]<\/p>\n<p class=\"p1\">Willkommen in Roga\u0161ka Slatina, der Stadt des Heilwassers und des Kristallglases.<\/p>\n<p class=\"p1\">Erleben Sie den Puls von Roga\u0161ka Slatina und besuchen Sie den Ort, an dem wertvolle Kristallprodukte hergestellt werden. Besuchen Sie eine der gr\u00f6\u00dften Kristallfabriken der Welt, die Glasfabrik Roga\u0161ka, und lernen Sie die Menschen kennen, die die typischen Traditionen der Region bewahren. Die Glasherstellung begann hier bereits in 1665. Die Glasmachermeister stellen auch heute noch in Handarbeit wundersch\u00f6ne Meisterwerke aus Kristall her, die eine au\u00dfergew\u00f6hnliche Bereicherung f\u00fcr das h\u00e4usliche Ambiente oder als exquisite Geschenke f\u00fcr besondere Anl\u00e4sse sind. Das Roga\u0161ka-Kristall wird in der ganzen Welt gesch\u00e4tzt, und zu seinen Empf\u00e4ngern geh\u00f6rten viele K\u00f6nige und K\u00f6niginnen, Staatsm\u00e4nner und -frauen sowie herausragende Pers\u00f6nlichkeiten aus der Welt des Sports, der Kultur und der Wirtschaft.<\/p>\n<p class=\"p1\">Die Glasfabrik Roga\u0161ka liegt nur 2 km vom Stadtzentrum entfernt.<\/p>\n<p class=\"p1\">Der Ausstellungsraum von Roga\u0161ka bietet Ihnen mehr als 500 verschiedene Kristallprodukte der Marke Roga\u0161ka. Wir beraten Sie gerne fachkundig bei Ihrer Auswahl.<\/p>\n<p class=\"p1\">Ihr Besuch in Roga\u0161ka sollte nie enden, ohne dass Sie den Produktionsprozess unserer au\u00dfergew\u00f6hnlichen Kristallmeisterwerke gesehen haben.<\/p>\n<p>[\/vc_column_text][\/vc_column][\/vc_row][vc_row css=&#8221;.vc_custom_1713445582335{margin-top: 2% !important;padding-top: 20% !important;padding-bottom: 20% !important;background-image: url(https:\/\/steklarna-rogaska.si\/wp-content\/uploads\/2024\/04\/Gem-bowl-with-fruits-scaled.jpg?id=26402) !important;background-position: center !important;background-repeat: no-repeat !important;background-size: cover !important;border-radius: 10px !important;}&#8221;][vc_column][\/vc_column][\/vc_row][vc_row css=&#8221;.vc_custom_1713364105900{padding-top: 5% !important;padding-bottom: 5% !important;}&#8221;][vc_column]<div class=\"qodef-section-title-holder  qodef-st-standard qodef-st-title-left qodef-st-normal-space \" >\n\t<div class=\"qodef-st-inner\">\n\t\t\t\t\t<h2 class=\"qodef-st-title\" >\n\t\t\t\tObi\u0161\u010dite Salon Steklarne Roga\u0161ka\t\t\t<\/h2>\n\t\t\t\t\t<\/div>\n<\/div>[vc_column_text css=&#8221;.vc_custom_1713445966385{padding-top: 2% !important;}&#8221;]<\/p>\n<p class=\"p1\">Bewundern Sie im Gesch\u00e4ft die au\u00dfergew\u00f6hnlichen Kristallprodukte von Roga\u0161ka. Kristall ist eine au\u00dfergew\u00f6hnliche und gesch\u00e4tzte Bereicherung des Ambientes und ein sehr gesch\u00e4tztes Geschenk. Die Geschenke k\u00f6nnen auch mit einer Handgravur personalisiert werden.<span class=\"Apple-converted-space\">\u00a0 <\/span>Neben Kristall finden Sie bei uns auch ausgew\u00e4hltes Porzellan von Wedgwood und Royal Copenhagen. Gekaufte Produkte verschicken wir auch per Post.<\/p>\n<p>[\/vc_column_text][\/vc_column][vc_column css=&#8221;.vc_custom_1713447867725{padding-top: 5% !important;}&#8221;][vc_row_inner content_placement=&#8221;middle&#8221; css=&#8221;.vc_custom_1713446022785{border-radius: 10px !important;}&#8221;][vc_column_inner width=&#8221;1\/2&#8243;][vc_raw_html]PGlmcmFtZSBzcmM9Imh0dHBzOi8vd3d3Lmdvb2dsZS5jb20vbWFwcy9lbWJlZD9wYj0hMW0xOCExbTEyITFtMyExZDI3NjAuMjQzNDgzNjE2MzQ4ITJkMTUuNjQxNjMzMDk2NTIzNDg4ITNkNDYuMjI1NTAyNDk2NTcxOTA2ITJtMyExZjAhMmYwITNmMCEzbTIhMWkxMDI0ITJpNzY4ITRmMTMuMSEzbTMhMW0yITFzMHg0NzY1OGZlZWRjZTE5Njc5JTNBMHhiZmY1MDQ1ZDZhNzcwODUyITJzVWxpY2ElMjB0YWxjZXYlMjAxJTJDJTIwMzI1MCUyMFJvZ2ElQzUlQTFrYSUyMFNsYXRpbmElMkMlMjBTbG92ZW5pYSE1ZTAhM20yITFzZW4hMnMhNHYxNzEzMzYzNjE4OTQyITVtMiExc2VuITJzIiB3aWR0aD0iNjAwIiBoZWlnaHQ9IjQ1MCIgc3R5bGU9ImJvcmRlcjowOyIgYWxsb3dmdWxsc2NyZWVuPSIiIGxvYWRpbmc9ImxhenkiIHJlZmVycmVycG9saWN5PSJuby1yZWZlcnJlci13aGVuLWRvd25ncmFkZSI+PC9pZnJhbWU+[\/vc_raw_html][\/vc_column_inner][vc_column_inner width=&#8221;1\/2&#8243;][vc_single_image image=&#8221;32050&#8243; img_size=&#8221;full&#8221; css=&#8221;.vc_custom_1713445916766{border-radius: 10px !important;}&#8221;][vc_column_text el_class=&#8221;opening-hrs&#8221;]<\/p>\n<p class=\"p1\">Arbeitszeiten:<\/p>\n<ul class=\"ul1\">\n<li class=\"li1\">Montag \u2013 Freitag: 8:00 \u2013 19:00<\/li>\n<li class=\"li1\">Samstag: 8:00 \u2013 13:00<\/li>\n<\/ul>\n<p>[\/vc_column_text][\/vc_column_inner][\/vc_row_inner][\/vc_column][\/vc_row][vc_row css=&#8221;.vc_custom_1713447847868{padding-top: 5% !important;}&#8221;][vc_column]<div class=\"qodef-section-title-holder  qodef-st-standard qodef-st-title-left qodef-st-normal-space \" >\n\t<div class=\"qodef-st-inner\">\n\t\t\t\t\t<h2 class=\"qodef-st-title\" >\n\t\t\t\tSpoznajte Nastanek Kristalnih Izdelkov\t\t\t<\/h2>\n\t\t\t\t\t<\/div>\n<\/div>[vc_column_text]<\/p>\n<p class=\"p1\">\n<p class=\"p2\">Entdecken Sie in Begleitung eines F\u00fchrers, wie Kristallprodukte hergestellt werden. Lernen Sie die grundlegenden Rohstoffe und Werkzeuge kennen, die Glasmacher f\u00fcr ihre Arbeit ben\u00f6tigen. Lernen Sie die Arbeit von Glasbl\u00e4sermeistern, Glasschleifern und Dekorateuren kennen, die mit ihrem Sinn f\u00fcr \u00c4sthetik jedem Produkt einen au\u00dfergew\u00f6hnlichen Glanz und Kristallcharakter verleihen. Die F\u00fchrung dauert etwa 45 Minuten. Der Rundgang endet in der HALL OF FAME, einem Raum, in dem einzigartige Troph\u00e4en und Auszeichnungen ausgestellt sind, die von vielen Ber\u00fchmtheiten gewonnen wurden.<\/p>\n<p>[\/vc_column_text][\/vc_column][\/vc_row][vc_row css=&#8221;.vc_custom_1713447811754{padding-bottom: 5% !important;border-radius: 10px !important;}&#8221;][vc_column css=&#8221;.vc_custom_1713364417811{border-radius: 10px !important;}&#8221;][vc_row_inner content_placement=&#8221;middle&#8221;][vc_column_inner][vc_column_text el_class=&#8221;reserve-box&#8221;]<\/p>\n<p class=\"p1\">Buchen Sie einen Termin f\u00fcr ein unvergessliches Erlebnis:<\/p>\n<ul class=\"ul1\">\n<li class=\"li1\">per Email an <a href=\"mailto: obisk.rogaska@fiskars.com\">obisk.rogaska@fiskars.com\u00a0<\/a>oder<\/li>\n<li class=\"li1\">rufen Sie <a href=\"tel:03 818 02 05\">00386 (0) 3 81 80 205<\/a>\u00a0an<\/li>\n<\/ul>\n<p>[\/vc_column_text][\/vc_column_inner][\/vc_row_inner][\/vc_column][\/vc_row][vc_row css=&#8221;.vc_custom_1713447645144{margin-top: 2% !important;padding-top: 20% !important;padding-bottom: 20% !important;background-image: url(https:\/\/steklarna-rogaska.si\/wp-content\/uploads\/2024\/04\/bilo-je-dovoljenje-2-scaled.jpg?id=26411) !important;background-position: center !important;background-repeat: no-repeat !important;background-size: cover !important;border-radius: 10px !important;}&#8221;][vc_column][\/vc_column][\/vc_row][vc_row][vc_column][vc_btn title=&#8221;Laden Sie den aktuellen Katalog der Kristallprodukte von Roga\u0161ka herunter&#8221; color=&#8221;white&#8221; i_icon_fontawesome=&#8221;fas fa-file-download&#8221; add_icon=&#8221;true&#8221; link=&#8221;url:https%3A%2F%2Fsteklarna-rogaska.si%2Fwp-content%2Fuploads%2F2024%2F03%2FRogaska-catalog-2024_screen.pdf|title:Laden%20Sie%20den%20aktuellen%20Katalog%20der%20Kristallprodukte%20von%20Roga%C5%A1ka%20herunter|target:_blank|&#8221; el_class=&#8221;catalogue-link&#8221;][\/vc_column][\/vc_row][vc_row css=&#8221;.vc_custom_1713447687946{margin-top: 2% !important;padding-top: 20% !important;padding-bottom: 20% !important;background-image: url(https:\/\/steklarna-rogaska.si\/wp-content\/uploads\/2024\/04\/catalogue.jpeg?id=26393) !important;background-position: center !important;background-repeat: no-repeat !important;background-size: cover !important;border-radius: 10px !important;}&#8221;][vc_column][\/vc_column][\/vc_row]<\/p>\n<\/div>","protected":false},"excerpt":{"rendered":"<p>[vc_row css=&#8221;.vc_custom_1713435593285{padding-bottom: 5% !important;background-position: center !important;background-repeat: no-repeat !important;background-size: cover !important;}&#8221;][vc_column][vc_row_inner css=&#8221;.vc_custom_1713361963836{background-position: center !important;background-repeat: no-repeat !important;background-size: cover !important;}&#8221;][vc_column_inner][\/vc_column_inner][\/vc_row_inner][vc_column_text css=&#8221;.vc_custom_1713445073520{padding-top: 2% !important;}&#8221;] Willkommen in Roga\u0161ka Slatina, der [&hellip;]<\/p>\n","protected":false},"author":1532,"featured_media":0,"parent":0,"menu_order":0,"comment_status":"closed","ping_status":"closed","template":"","meta":{"footnotes":""},"class_list":["post-32032","page","type-page","status-publish","hentry"],"_links":{"self":[{"href":"https:\/\/steklarna-rogaska.si\/de\/wp-json\/wp\/v2\/pages\/32032","targetHints":{"allow":["GET"]}}],"collection":[{"href":"https:\/\/steklarna-rogaska.si\/de\/wp-json\/wp\/v2\/pages"}],"about":[{"href":"https:\/\/steklarna-rogaska.si\/de\/wp-json\/wp\/v2\/types\/page"}],"author":[{"embeddable":true,"href":"https:\/\/steklarna-rogaska.si\/de\/wp-json\/wp\/v2\/users\/1532"}],"replies":[{"embeddable":true,"href":"https:\/\/steklarna-rogaska.si\/de\/wp-json\/wp\/v2\/comments?post=32032"}],"version-history":[{"count":8,"href":"https:\/\/steklarna-rogaska.si\/de\/wp-json\/wp\/v2\/pages\/32032\/revisions"}],"predecessor-version":[{"id":39320,"href":"https:\/\/steklarna-rogaska.si\/de\/wp-json\/wp\/v2\/pages\/32032\/revisions\/39320"}],"wp:attachment":[{"href":"https:\/\/steklarna-rogaska.si\/de\/wp-json\/wp\/v2\/media?parent=32032"}],"curies":[{"name":"wp","href":"https:\/\/api.w.org\/{rel}","templated":true}]}}